{"id":219,"date":"2025-04-07T12:34:31","date_gmt":"2025-04-07T10:34:31","guid":{"rendered":"http:\/\/horseducation.com\/de\/services\/"},"modified":"2025-10-18T17:40:45","modified_gmt":"2025-10-18T15:40:45","slug":"services","status":"publish","type":"page","link":"https:\/\/horseducation.com\/de\/services\/","title":{"rendered":"Services"},"content":{"rendered":"\n<div class=\"wp-block-uagb-container uagb-block-c1e2fce7 alignfull uagb-is-root-container\">\n<div class=\"wp-block-uagb-advanced-heading uagb-block-c767fabd\"><h1 class=\"uagb-heading-text\">                                Angebote<\/h1><\/div>\n<\/div>\n\n\n\n<div class=\"wp-block-uagb-container uagb-block-92758601 alignfull uagb-is-root-container\"><div class=\"uagb-container-inner-blocks-wrap\">\n<div class=\"wp-block-uagb-container uagb-block-8ed2340c\">\n<div class=\"wp-block-uagb-info-box uagb-block-83f3c3f0 uagb-infobox__content-wrap  uagb-infobox-icon-above-title uagb-infobox-image-valign-top\"><div class=\"uagb-ifb-content\"><div class=\"uagb-ifb-title-wrap\"><h2 class=\"uagb-ifb-title\"><br>Sitz &amp; Balance Training f\u00fcr Reiter auf dem Reitsimulator<\/h2><\/div><p class=\"uagb-ifb-desc\"><br><br>Dein Sitz ist die Grundlage f\u00fcr feine Hilfen, Balance und Harmonie im Sattel. Mit&nbsp;RESI, dem Reitsimulator, bekommst du pr\u00e4zises, objektives Feedback zu deinem Sitz: Gewichtshilfen, Z\u00fcgelverbindung und Schenkeleinsatz werden genau analysiert und sichtbar gemacht.<br>Auf Basis dieser Auswertung und meiner Beobachtungen arbeiten wir gezielt an deinem K\u00f6rpergef\u00fchl. Du lernst, deine Bewegungen bewusster zu steuern und mehr Klarheit, Stabilit\u00e4t und Losgelassenheit zu entwickeln.<br>Anschlie\u00dfend setzt du das neue Sitzgef\u00fchl direkt in der Bewegung um \u2013 auf RESI, ganz ohne Ablenkung durch das Pferd. So kannst du dich voll auf deinen K\u00f6rper konzentrieren und jede Ver\u00e4nderung unmittelbar sp\u00fcren.<br>Der Reitsimulator befindet sich in G\u00f6ttingen.<br><\/p><div class=\"uagb-ifb-button-wrapper wp-block-button\"><a href=\"https:\/\/horseducation.com\/de\/contact\/\" class=\"uagb-infobox-cta-link ast-outline-button\" target=\"_self\" rel=\"noopener noreferrer\" style=\"border-width:revert-layer\" onclick=\"return true;\"><span class=\"uagb-inline-editing\">unverbindlich anfragen<\/span><\/a><\/div><\/div><\/div>\n<\/div>\n\n\n\n<div class=\"wp-block-uagb-image uagb-block-704d8fd3 wp-block-uagb-image--layout-default wp-block-uagb-image--effect-static wp-block-uagb-image--align-none\"><figure class=\"wp-block-uagb-image__figure\"><img decoding=\"async\" srcset=\"https:\/\/horseducation.com\/de\/wp-content\/uploads\/2025\/04\/DSC_0393-1024x683.jpg ,https:\/\/horseducation.com\/de\/wp-content\/uploads\/2025\/04\/DSC_0393-scaled.jpg 780w, https:\/\/horseducation.com\/de\/wp-content\/uploads\/2025\/04\/DSC_0393-scaled.jpg 360w\" sizes=\"auto, (max-width: 480px) 150px\" src=\"https:\/\/horseducation.com\/de\/wp-content\/uploads\/2025\/04\/DSC_0393-1024x683.jpg\" alt=\"\" class=\"uag-image-1614\" width=\"585\" height=\"380\" title=\"CHELENIX3\" loading=\"lazy\" role=\"img\"\/><\/figure><\/div>\n<\/div><\/div>\n\n\n\n<div class=\"wp-block-uagb-container uagb-block-2998c855 alignfull uagb-is-root-container\"><div class=\"uagb-container-inner-blocks-wrap\">\n<div class=\"wp-block-uagb-image uagb-block-ccfdf41f wp-block-uagb-image--layout-default wp-block-uagb-image--effect-static wp-block-uagb-image--align-none\"><figure class=\"wp-block-uagb-image__figure\"><img decoding=\"async\" srcset=\"https:\/\/horseducation.com\/de\/wp-content\/uploads\/2025\/04\/IMG_3537-768x1024.jpeg ,https:\/\/horseducation.com\/de\/wp-content\/uploads\/2025\/04\/IMG_3537-scaled.jpeg 780w, https:\/\/horseducation.com\/de\/wp-content\/uploads\/2025\/04\/IMG_3537-scaled.jpeg 360w\" sizes=\"auto, (max-width: 480px) 150px\" src=\"https:\/\/horseducation.com\/de\/wp-content\/uploads\/2025\/04\/IMG_3537-768x1024.jpeg\" alt=\"\" class=\"uag-image-1686\" width=\"398\" height=\"475\" title=\"IMG_3537\" loading=\"lazy\" role=\"img\"\/><\/figure><\/div>\n\n\n\n<div class=\"wp-block-uagb-container uagb-block-4dd995cf\">\n<div class=\"wp-block-uagb-info-box uagb-block-9ec944ab uagb-infobox__content-wrap  uagb-infobox-icon-above-title uagb-infobox-image-valign-top\"><div class=\"uagb-ifb-content\"><div class=\"uagb-ifb-title-wrap\"><h2 class=\"uagb-ifb-title\"><br>Sitz &amp; Balance Training f\u00fcr Reiter mit deinem Pferd<\/h2><\/div><p class=\"uagb-ifb-desc\">Ein ausbalancierter, losgelassener Sitz ist die Grundlage f\u00fcr feine Hilfen und echte Harmonie im Sattel.<br>Ich unterst\u00fctze dich dabei, dein K\u00f6rpergef\u00fchl zu schulen, deine Hilfen bewusster einzusetzen und mehr Stabilit\u00e4t in der Bewegung zu finden \u2013 individuell abgestimmt auf dich und dein Pferd.<br>Mit gezielten \u00dcbungen, klarem Feedback und einem geschulten Blick machen wir deinen Sitz zu einer sicheren, klaren Verbindung im Sattel.<\/p><div class=\"uagb-ifb-button-wrapper wp-block-button\"><a href=\"https:\/\/horseducation.com\/de\/contact\/\" class=\"uagb-infobox-cta-link ast-outline-button\" target=\"_self\" rel=\"noopener noreferrer\" style=\"border-width:revert-layer\" onclick=\"return true;\"><span class=\"uagb-inline-editing\">unverbindlich anfragen<\/span><\/a><\/div><\/div><\/div>\n<\/div>\n<\/div><\/div>\n\n\n\n<div class=\"wp-block-uagb-container uagb-block-0fa8dc87 alignfull uagb-is-root-container\"><div class=\"uagb-container-inner-blocks-wrap\">\n<div class=\"wp-block-uagb-image uagb-block-95ad5af2 wp-block-uagb-image--layout-default wp-block-uagb-image--effect-static wp-block-uagb-image--align-none\"><figure class=\"wp-block-uagb-image__figure\"><img decoding=\"async\" srcset=\"https:\/\/horseducation.com\/de\/wp-content\/uploads\/2025\/09\/5Y2A5370-1024x768.jpg ,https:\/\/horseducation.com\/de\/wp-content\/uploads\/2025\/09\/5Y2A5370-scaled.jpg 780w, https:\/\/horseducation.com\/de\/wp-content\/uploads\/2025\/09\/5Y2A5370-scaled.jpg 360w\" sizes=\"auto, (max-width: 480px) 150px\" src=\"https:\/\/horseducation.com\/de\/wp-content\/uploads\/2025\/09\/5Y2A5370-1024x768.jpg\" alt=\"\" class=\"uag-image-1974\" width=\"1024\" height=\"768\" title=\"5Y2A5370\" loading=\"lazy\" role=\"img\"\/><\/figure><\/div>\n\n\n\n<div class=\"wp-block-uagb-container uagb-block-273f62cc\">\n<div class=\"wp-block-uagb-info-box uagb-block-f179cbd3 uagb-infobox__content-wrap  uagb-infobox-icon-above-title uagb-infobox-image-valign-top\"><div class=\"uagb-ifb-content\"><div class=\"uagb-ifb-title-wrap\"><h2 class=\"uagb-ifb-title\"><br>K\u00f6rperbewusste Bodenarbeit <\/h2><\/div><p class=\"uagb-ifb-desc\">Ein gesunder Pferder\u00fccken ist die wichtigste Voraussetzung f\u00fcr ein leistungsf\u00e4higes Reitpferd \u2013 darum liegt ein besonderer Fokus meiner Arbeit auf dem gezielten R\u00fcckentraining, sowohl vom Boden als auch aus dem Sattel.<br>Durch gymnastizierende \u00dcbungen am Kappzaum und gezielte Dehnungen wird dein Pferd beweglicher, die R\u00fcckenmuskulatur gest\u00e4rkt und die K\u00f6rperwahrnehmung verbessert. Gleichzeitig w\u00e4chst das Vertrauen \u2013 die Kommunikation zwischen euch wird feiner, und das Wohlbefinden deines Pferdes sp\u00fcrbar gesteigert.<\/p><div class=\"uagb-ifb-button-wrapper wp-block-button\"><a href=\"https:\/\/horseducation.com\/de\/contact\/\" class=\"uagb-infobox-cta-link ast-outline-button\" target=\"_self\" rel=\"noopener noreferrer\" style=\"border-width:revert-layer\" onclick=\"return true;\"><span class=\"uagb-inline-editing\">unverbindlich anfragen<\/span><\/a><\/div><\/div><\/div>\n<\/div>\n<\/div><\/div>\n\n\n\n<div class=\"wp-block-uagb-container uagb-block-d5e74e82 alignfull uagb-is-root-container\"><div class=\"uagb-container-inner-blocks-wrap\">\n<div class=\"wp-block-uagb-image uagb-block-e0eaacdf wp-block-uagb-image--layout-default wp-block-uagb-image--effect-static wp-block-uagb-image--align-none\"><figure class=\"wp-block-uagb-image__figure\"><img decoding=\"async\" srcset=\"https:\/\/horseducation.com\/de\/wp-content\/uploads\/2025\/04\/MG_0432-Bearbeitet-Kopie-683x1024.jpg ,https:\/\/horseducation.com\/de\/wp-content\/uploads\/2025\/04\/MG_0432-Bearbeitet-Kopie-scaled.jpg 780w, https:\/\/horseducation.com\/de\/wp-content\/uploads\/2025\/04\/MG_0432-Bearbeitet-Kopie-scaled.jpg 360w\" sizes=\"auto, (max-width: 480px) 150px\" src=\"https:\/\/horseducation.com\/de\/wp-content\/uploads\/2025\/04\/MG_0432-Bearbeitet-Kopie-683x1024.jpg\" alt=\"\" class=\"uag-image-1598\" width=\"419\" height=\"627\" title=\"_MG_0432-Bearbeitet Kopie\" loading=\"lazy\" role=\"img\"\/><\/figure><\/div>\n\n\n\n<div class=\"wp-block-uagb-container uagb-block-75e317c9\">\n<div class=\"wp-block-uagb-info-box uagb-block-68bf8e72 uagb-infobox__content-wrap  uagb-infobox-icon-above-title uagb-infobox-image-valign-top\"><div class=\"uagb-ifb-content\"><div class=\"uagb-ifb-title-wrap\"><h2 class=\"uagb-ifb-title\">Zirkuslektionen <\/h2><\/div><p class=\"uagb-ifb-desc\">Zirkuslektionen f\u00f6rden die Beziehung, die Beweglichkeit und die Abwechslung! Durch klare Kommunikation und gezielte \u00dcbungen lernt dein Pferd, sich dir anzuvertrauen und zu entspannen. So entsteht tiefes Vertrauen \u2013 die Basis f\u00fcr eine starke, nachhaltige Beziehung.<br>Das Training verbessert die K\u00f6rperwahrnehmung sowie Flexibilit\u00e4t, mobilisiert Muskulatur und Gelenke und hilft deinem Pferd, sich besser auszubalancieren. Es entwickelt Geschmeidigkeit, K\u00f6rperkontrolle und Kraft.<br>Gymnastische Zirkuslektionen bringen dabei nicht nur Abwechslung, sondern auch echte Freude ins Training \u2013 sie fordern dein Pferd geistig und sorgen f\u00fcr Motivation und Leichtigkeit im Miteinander.<\/p><div class=\"uagb-ifb-button-wrapper wp-block-button\"><a href=\"https:\/\/horseducation.com\/de\/contact\/\" class=\"uagb-infobox-cta-link ast-outline-button\" target=\"_self\" rel=\"noopener noreferrer\" style=\"border-width:revert-layer\" onclick=\"return true;\"><span class=\"uagb-inline-editing\">unverbindlich anfragen<\/span><\/a><\/div><\/div><\/div>\n<\/div>\n<\/div><\/div>\n\n\n\n<div class=\"wp-block-uagb-container uagb-block-a3c85d3f alignfull uagb-is-root-container\"><div class=\"uagb-container-inner-blocks-wrap\">\n<div class=\"wp-block-uagb-container uagb-block-4502a8bd\">\n<div class=\"wp-block-uagb-info-box uagb-block-109f07e7 uagb-infobox__content-wrap  uagb-infobox-icon-above-title uagb-infobox-image-valign-top\"><div class=\"uagb-ifb-content\"><div class=\"uagb-ifb-title-wrap\"><h2 class=\"uagb-ifb-title\"><br>Effektive Longenarbeit<\/h2><\/div><p class=\"uagb-ifb-desc\">Herausfordernd beim Longieren sind Tempo, Kurvenradius und die Kr\u00e4fte, die dabei auf das Pferd wirken. Zuviel Zug an der Longe f\u00fchrt dazu, dass sich das Pferd in die Kurve legt \u2013 mit negativen Folgen: Rotationsstress im Genick, \u00dcberlastung von Gelenken, Sehnen und B\u00e4ndern. Auch Hilfsz\u00fcgel \u00e4ndern daran nichts. <br><br>Du lernst, wie du dein Pferd mit feiner K\u00f6rpersprache am Kappzaum auf gro\u00dfen Linien longierst \u2013 das gibt Sicherheit, st\u00e4rkt Vertrauen und verbessert die Balance. Ganz ohne Hilfsmittel bringst du dein Pferd in eine Dehnungshaltung, f\u00f6rderst die R\u00fcckenmuskulatur, steigerst die Ausdauer und bereitest es effektiv aufs Reiten vor.<\/p><div class=\"uagb-ifb-button-wrapper wp-block-button\"><a href=\"https:\/\/horseducation.com\/de\/contact\/\" class=\"uagb-infobox-cta-link ast-outline-button\" target=\"_self\" rel=\"noopener noreferrer\" style=\"border-width:revert-layer\" onclick=\"return true;\"><span class=\"uagb-inline-editing\">unverbindlich anfragen<\/span><\/a><\/div><\/div><\/div>\n<\/div>\n\n\n\n<div class=\"wp-block-uagb-image uagb-block-18897b0b wp-block-uagb-image--layout-default wp-block-uagb-image--effect-static wp-block-uagb-image--align-none\"><figure class=\"wp-block-uagb-image__figure\"><img decoding=\"async\" srcset=\"https:\/\/horseducation.com\/de\/wp-content\/uploads\/2025\/04\/MG_1026-Bearbeitet-1024x683.jpg ,https:\/\/horseducation.com\/de\/wp-content\/uploads\/2025\/04\/MG_1026-Bearbeitet-scaled.jpg 780w, https:\/\/horseducation.com\/de\/wp-content\/uploads\/2025\/04\/MG_1026-Bearbeitet-scaled.jpg 360w\" sizes=\"auto, (max-width: 480px) 150px\" src=\"https:\/\/horseducation.com\/de\/wp-content\/uploads\/2025\/04\/MG_1026-Bearbeitet-1024x683.jpg\" alt=\"\" class=\"uag-image-1609\" width=\"1024\" height=\"682\" title=\"_MG_1026-Bearbeitet\" loading=\"lazy\" role=\"img\"\/><\/figure><\/div>\n<\/div><\/div>\n\n\n\n<div class=\"wp-block-uagb-container uagb-block-ed7fe8ae alignfull uagb-is-root-container\"><div class=\"uagb-container-inner-blocks-wrap\">\n<div class=\"wp-block-uagb-image uagb-block-37cca1bb wp-block-uagb-image--layout-default wp-block-uagb-image--effect-static wp-block-uagb-image--align-none\"><figure class=\"wp-block-uagb-image__figure\"><img decoding=\"async\" srcset=\"https:\/\/horseducation.com\/de\/wp-content\/uploads\/2025\/04\/850ab186-c8db-4733-b2ca-960cd02a6b4b.jpg ,https:\/\/horseducation.com\/de\/wp-content\/uploads\/2025\/04\/850ab186-c8db-4733-b2ca-960cd02a6b4b.jpg 780w, https:\/\/horseducation.com\/de\/wp-content\/uploads\/2025\/04\/850ab186-c8db-4733-b2ca-960cd02a6b4b.jpg 360w\" sizes=\"auto, (max-width: 480px) 150px\" src=\"https:\/\/horseducation.com\/de\/wp-content\/uploads\/2025\/04\/850ab186-c8db-4733-b2ca-960cd02a6b4b.jpg\" alt=\"\" class=\"uag-image-1708\" width=\"1024\" height=\"682\" title=\"850ab186-c8db-4733-b2ca-960cd02a6b4b\" loading=\"lazy\" role=\"img\"\/><\/figure><\/div>\n\n\n\n<div class=\"wp-block-uagb-container uagb-block-dea857c2\">\n<div class=\"wp-block-uagb-info-box uagb-block-a3dd6629 uagb-infobox__content-wrap  uagb-infobox-icon-above-title uagb-infobox-image-valign-top\"><div class=\"uagb-ifb-content\"><div class=\"uagb-ifb-title-wrap\"><h2 class=\"uagb-ifb-title\"><br>Beritt &amp; Jungpferdetraining<\/h2><\/div><p class=\"uagb-ifb-desc\"><br>Du m\u00f6chtest, dass dein Pferd sich gesund entwickelt, fein auf deine Hilfen reagiert und motiviert mitarbeitet?<br>Ich biete dir individuelle Trainingspl\u00e4tze f\u00fcr dein Pferd \u2013 ob zur gezielten Ausbildung, zur Jungpferdeausbildung, zur Korrektur, zur Gymnastizierung oder als Aufbau nach einer Pause.<br>Der Fokus liegt auf einem durchdachten, abwechslungsreichen Training, das dein Pferd k\u00f6rperlich und mental st\u00e4rkt.<br>Das Training erfolgt pferdegerecht, ohne Druck und mit einem klaren Plan \u2013 abgestimmt auf den Ausbildungsstand, die Bed\u00fcrfnisse und das Temperament deines Pferdes.<br><br>Du wirst als Pferdebesitzer aktiv in den Prozess einbezogen. Ich informiere dich regelm\u00e4\u00dfig \u00fcber den Trainingsfortschritt, dokumentiere die Entwicklung deines Pferdes und gebe dir praktische Tipps f\u00fcr die weitere Arbeit zu Hause.<br><br>Dein Pferd wird auf der Anlage von Sabine Gellert in Billingshausen entweder in einer Paddockbox oder im Offenstall eingestallt.<\/p><div class=\"uagb-ifb-button-wrapper wp-block-button\"><a href=\"https:\/\/horseducation.com\/de\/contact\/\" class=\"uagb-infobox-cta-link ast-outline-button\" target=\"_self\" rel=\"noopener noreferrer\" style=\"border-width:revert-layer\" onclick=\"return true;\"><span class=\"uagb-inline-editing\">unverbindlich anfragen<\/span><\/a><\/div><\/div><\/div>\n<\/div>\n<\/div><\/div>\n\n\n\n<div class=\"wp-block-uagb-container uagb-block-85e05e72 alignfull uagb-is-root-container\"><div class=\"uagb-container-inner-blocks-wrap\">\n<div class=\"wp-block-uagb-container uagb-block-2008b087\">\n<div class=\"wp-block-uagb-info-box uagb-block-c2a7db56 uagb-infobox__content-wrap  uagb-infobox-icon-above-title uagb-infobox-image-valign-top\"><div class=\"uagb-ifb-content\"><div class=\"uagb-ifb-title-wrap\"><h2 class=\"uagb-ifb-title\"><br>Sicheres Verladen<\/h2><\/div><p class=\"uagb-ifb-desc\">Ein Notfall, ein Kliniktermin, ein Stallwechsel \u2013 manchmal muss es schnell gehen. Dann ist es entscheidend, dass dein Pferd sich ruhig und sicher verladen l\u00e4sst und du bestenfalls auch keine weitere Person daf\u00fcr brauchst. Leider wird genau das im Alltag oft vernachl\u00e4ssigt oder aufgeschoben. Doch sicheres Verladen rettet Leben!<br>In meinem Verladetraining lernst du, wie du dein Pferd souver\u00e4n und stressfrei in den Anh\u00e4nger f\u00fchrst \u2013 auch allein, ganz ohne Futter als Lockmittel.<br>Du bekommst klare Strategien, ein besseres Verst\u00e4ndnis f\u00fcr dein Pferd und das gute Gef\u00fchl, im Ernstfall vorbereitet zu sein.<br>Ich biete das Verladetraining mobil an und komme direkt zu dir an den Stall \u2013 in gewohnter Umgebung und unter realistischen Bedingungen. F\u00fcr mehr Sicherheit. Mehr Vertrauen. Und ein gutes Gef\u00fchl \u2013 auch in Ausnahmesituationen.<br><br>Du hast keinen Anh\u00e4nger? &#8211; Kein Problem bei Sportpferdetherapie Katharina Oestreich kannst du einen mieten.<br><br><a href=\"https:\/\/sportpferdetherapie.de\/vermietung-pferdetransporter\/\">https:\/\/sportpferdetherapie.de\/vermietung-pferdetransporter\/<\/a><\/p><div class=\"uagb-ifb-button-wrapper wp-block-button\"><a href=\"https:\/\/horseducation.com\/de\/contact\/\" class=\"uagb-infobox-cta-link ast-outline-button\" target=\"_self\" rel=\"noopener noreferrer\" style=\"border-width:revert-layer\" onclick=\"return true;\"><span class=\"uagb-inline-editing\">unverbindlich anfragen<\/span><\/a><\/div><\/div><\/div>\n<\/div>\n\n\n\n<div class=\"wp-block-uagb-image uagb-block-82cdc134 wp-block-uagb-image--layout-default wp-block-uagb-image--effect-static wp-block-uagb-image--align-none\"><figure class=\"wp-block-uagb-image__figure\"><img decoding=\"async\" srcset=\"https:\/\/horseducation.com\/de\/wp-content\/uploads\/2025\/04\/Bildschirmfoto-2025-04-12-um-23.11.20-1024x602.png ,https:\/\/horseducation.com\/de\/wp-content\/uploads\/2025\/04\/Bildschirmfoto-2025-04-12-um-23.11.20.png 780w, https:\/\/horseducation.com\/de\/wp-content\/uploads\/2025\/04\/Bildschirmfoto-2025-04-12-um-23.11.20.png 360w\" sizes=\"auto, (max-width: 480px) 150px\" src=\"https:\/\/horseducation.com\/de\/wp-content\/uploads\/2025\/04\/Bildschirmfoto-2025-04-12-um-23.11.20-1024x602.png\" alt=\"\" class=\"uag-image-1745\" width=\"1024\" height=\"682\" title=\"Bildschirmfoto 2025-04-12 um 23.11.20\" loading=\"lazy\" role=\"img\"\/><\/figure><\/div>\n<\/div><\/div>\n\n\n\n<div class=\"wp-block-uagb-container uagb-block-6f559b4f alignfull uagb-is-root-container\"><div class=\"uagb-container-inner-blocks-wrap\">\n<div class=\"wp-block-uagb-advanced-heading uagb-block-9997db04\"><h2 class=\"uagb-heading-text\">F.A.Q.\u200b<\/h2><\/div>\n\n\n<div class=\"wp-block-uagb-faq uagb-faq__outer-wrap uagb-block-a92893ac uagb-faq-icon-row-reverse uagb-faq-layout-accordion uagb-faq-expand-first-false uagb-faq-inactive-other-true uagb-faq__wrap uagb-buttons-layout-wrap uagb-faq-equal-height     \" data-faqtoggle=\"true\" role=\"tablist\"><div class=\"wp-block-uagb-faq-child uagb-faq-child__outer-wrap uagb-faq-item uagb-block-7b345a3a \" role=\"tab\" tabindex=\"0\"><div class=\"uagb-faq-questions-button uagb-faq-questions\">\t\t\t<span class=\"uagb-icon uagb-faq-icon-wrap\">\n\t\t\t\t\t\t\t<\/span>\n\t\t\t\t\t\t<span class=\"uagb-icon-active uagb-faq-icon-wrap\">\n\t\t\t\t\t\t\t\t<svg xmlns=\"https:\/\/www.w3.org\/2000\/svg\" viewBox= \"0 0 320 512\"><path d=\"M9.39 265.4l127.1-128C143.6 131.1 151.8 128 160 128s16.38 3.125 22.63 9.375l127.1 128c9.156 9.156 11.9 22.91 6.943 34.88S300.9 320 287.1 320H32.01c-12.94 0-24.62-7.781-29.58-19.75S.2333 274.5 9.39 265.4z\"><\/path><\/svg>\n\t\t\t\t\t\t\t<\/span>\n\t\t\t<span class=\"uagb-question\">F\u00fcr wen ist das Training geeignet?<\/span><\/div><div class=\"uagb-faq-content\"><p>F\u00fcr Pferdebesitzer*innen und Freizeitreiter*innen aller Erfahrungsstufen, die sich gern ganzheitlich und strukturiert weiterentwickeln wollen. Egal, ob mit jungen oder \u00e4lteren Pferden, Ponys oder Gro\u00dfpferden.<\/p><\/div><\/div><div class=\"wp-block-uagb-faq-child uagb-faq-child__outer-wrap uagb-faq-item uagb-block-99aac894 \" role=\"tab\" tabindex=\"0\"><div class=\"uagb-faq-questions-button uagb-faq-questions\">\t\t\t<span class=\"uagb-icon uagb-faq-icon-wrap\">\n\t\t\t\t\t\t\t<\/span>\n\t\t\t\t\t\t<span class=\"uagb-icon-active uagb-faq-icon-wrap\">\n\t\t\t\t\t\t\t\t<svg xmlns=\"https:\/\/www.w3.org\/2000\/svg\" viewBox= \"0 0 320 512\"><path d=\"M9.39 265.4l127.1-128C143.6 131.1 151.8 128 160 128s16.38 3.125 22.63 9.375l127.1 128c9.156 9.156 11.9 22.91 6.943 34.88S300.9 320 287.1 320H32.01c-12.94 0-24.62-7.781-29.58-19.75S.2333 274.5 9.39 265.4z\"><\/path><\/svg>\n\t\t\t\t\t\t\t<\/span>\n\t\t\t<span class=\"uagb-question\">Was f\u00fcr Unterrichtsformate bietest du an?<\/span><\/div><div class=\"uagb-faq-content\"><p>&#8211; Einzelunterricht<br>&#8211; Gruppenstunden nach Vereinbarung<br>&#8211; Tageskurse<br>&#8211; Wochenendkurse <br>&#8211; Vortr\u00e4ge<\/p><\/div><\/div><div class=\"wp-block-uagb-faq-child uagb-faq-child__outer-wrap uagb-faq-item uagb-block-c0ede2d4 \" role=\"tab\" tabindex=\"0\"><div class=\"uagb-faq-questions-button uagb-faq-questions\">\t\t\t<span class=\"uagb-icon uagb-faq-icon-wrap\">\n\t\t\t\t\t\t\t<\/span>\n\t\t\t\t\t\t<span class=\"uagb-icon-active uagb-faq-icon-wrap\">\n\t\t\t\t\t\t\t\t<svg xmlns=\"https:\/\/www.w3.org\/2000\/svg\" viewBox= \"0 0 320 512\"><path d=\"M9.39 265.4l127.1-128C143.6 131.1 151.8 128 160 128s16.38 3.125 22.63 9.375l127.1 128c9.156 9.156 11.9 22.91 6.943 34.88S300.9 320 287.1 320H32.01c-12.94 0-24.62-7.781-29.58-19.75S.2333 274.5 9.39 265.4z\"><\/path><\/svg>\n\t\t\t\t\t\t\t<\/span>\n\t\t\t<span class=\"uagb-question\">Kommst du auch zu mir an den Stall?<\/span><\/div><div class=\"uagb-faq-content\"><p>&#8211; Ja, 40km um Northeim herum biete ich mobilen Unterricht an.<br>&#8211; Kurse k\u00f6nnen deutschlandweit organisiert werden.<\/p><\/div><\/div><div class=\"wp-block-uagb-faq-child uagb-faq-child__outer-wrap uagb-faq-item uagb-block-cf9b9cec \" role=\"tab\" tabindex=\"0\"><div class=\"uagb-faq-questions-button uagb-faq-questions\">\t\t\t<span class=\"uagb-icon uagb-faq-icon-wrap\">\n\t\t\t\t\t\t\t<\/span>\n\t\t\t\t\t\t<span class=\"uagb-icon-active uagb-faq-icon-wrap\">\n\t\t\t\t\t\t\t\t<svg xmlns=\"https:\/\/www.w3.org\/2000\/svg\" viewBox= \"0 0 320 512\"><path d=\"M9.39 265.4l127.1-128C143.6 131.1 151.8 128 160 128s16.38 3.125 22.63 9.375l127.1 128c9.156 9.156 11.9 22.91 6.943 34.88S300.9 320 287.1 320H32.01c-12.94 0-24.62-7.781-29.58-19.75S.2333 274.5 9.39 265.4z\"><\/path><\/svg>\n\t\t\t\t\t\t\t<\/span>\n\t\t\t<span class=\"uagb-question\">Bietest du den Unterricht nur zu bestimmten Zeiten an?<\/span><\/div><div class=\"uagb-faq-content\"><p>Nein, ich bin in der Ausgestaltung der Termine recht flexibel, haupts\u00e4chlich biete ich jedoch nachmittags Termine an oder an den Wochenenden.<\/p><\/div><\/div><\/div><\/div><\/div>\n","protected":false},"excerpt":{"rendered":"<p>Angebote F.A.Q.\u200b<\/p>\n","protected":false},"author":1,"featured_media":0,"parent":0,"menu_order":0,"comment_status":"closed","ping_status":"closed","template":"","meta":{"_uag_custom_page_level_css":"","site-sidebar-layout":"no-sidebar","site-content-layout":"plain-container","ast-site-content-layout":"full-width-container","site-content-style":"unboxed","site-sidebar-style":"unboxed","ast-global-header-display":"","ast-banner-title-visibility":"","ast-main-header-display":"","ast-hfb-above-header-display":"","ast-hfb-below-header-display":"","ast-hfb-mobile-header-display":"","site-post-title":"disabled","ast-breadcrumbs-content":"","ast-featured-img":"disabled","footer-sml-layout":"","theme-transparent-header-meta":"enabled","adv-header-id-meta":"","stick-header-meta":"","header-above-stick-meta":"","header-main-stick-meta":"","header-below-stick-meta":"","astra-migrate-meta-layouts":"set","ast-page-background-enabled":"default","ast-page-background-meta":{"desktop":{"background-color":"","background-image":"","background-repeat":"repeat","background-position":"center center","background-size":"auto","background-attachment":"scroll","background-type":"","background-media":"","overlay-type":"","overlay-color":"","overlay-opacity":"","overlay-gradient":""},"tablet":{"background-color":"","background-image":"","background-repeat":"repeat","background-position":"center center","background-size":"auto","background-attachment":"scroll","background-type":"","background-media":"","overlay-type":"","overlay-color":"","overlay-opacity":"","overlay-gradient":""},"mobile":{"background-color":"","background-image":"","background-repeat":"repeat","background-position":"center center","background-size":"auto","background-attachment":"scroll","background-type":"","background-media":"","overlay-type":"","overlay-color":"","overlay-opacity":"","overlay-gradient":""}},"ast-content-background-meta":{"desktop":{"background-color":"var(--ast-global-color-5)","background-image":"","background-repeat":"repeat","background-position":"center center","background-size":"auto","background-attachment":"scroll","background-type":"","background-media":"","overlay-type":"","overlay-color":"","overlay-opacity":"","overlay-gradient":""},"tablet":{"background-color":"var(--ast-global-color-5)","background-image":"","background-repeat":"repeat","background-position":"center center","background-size":"auto","background-attachment":"scroll","background-type":"","background-media":"","overlay-type":"","overlay-color":"","overlay-opacity":"","overlay-gradient":""},"mobile":{"background-color":"var(--ast-global-color-5)","background-image":"","background-repeat":"repeat","background-position":"center center","background-size":"auto","background-attachment":"scroll","background-type":"","background-media":"","overlay-type":"","overlay-color":"","overlay-opacity":"","overlay-gradient":""}},"footnotes":""},"class_list":["post-219","page","type-page","status-publish","hentry"],"uagb_featured_image_src":{"full":false,"thumbnail":false,"medium":false,"medium_large":false,"large":false,"1536x1536":false,"2048x2048":false},"uagb_author_info":{"display_name":"boki","author_link":"https:\/\/horseducation.com\/de\/author\/boki\/"},"uagb_comment_info":0,"uagb_excerpt":"Angebote F.A.Q.\u200b","_links":{"self":[{"href":"https:\/\/horseducation.com\/de\/wp-json\/wp\/v2\/pages\/219","targetHints":{"allow":["GET"]}}],"collection":[{"href":"https:\/\/horseducation.com\/de\/wp-json\/wp\/v2\/pages"}],"about":[{"href":"https:\/\/horseducation.com\/de\/wp-json\/wp\/v2\/types\/page"}],"author":[{"embeddable":true,"href":"https:\/\/horseducation.com\/de\/wp-json\/wp\/v2\/users\/1"}],"replies":[{"embeddable":true,"href":"https:\/\/horseducation.com\/de\/wp-json\/wp\/v2\/comments?post=219"}],"version-history":[{"count":59,"href":"https:\/\/horseducation.com\/de\/wp-json\/wp\/v2\/pages\/219\/revisions"}],"predecessor-version":[{"id":2005,"href":"https:\/\/horseducation.com\/de\/wp-json\/wp\/v2\/pages\/219\/revisions\/2005"}],"wp:attachment":[{"href":"https:\/\/horseducation.com\/de\/wp-json\/wp\/v2\/media?parent=219"}],"curies":[{"name":"wp","href":"https:\/\/api.w.org\/{rel}","templated":true}]}}