{"id":218,"date":"2025-04-07T12:34:31","date_gmt":"2025-04-07T10:34:31","guid":{"rendered":"http:\/\/horseducation.com\/de\/about\/"},"modified":"2026-02-01T16:23:21","modified_gmt":"2026-02-01T15:23:21","slug":"about","status":"publish","type":"page","link":"https:\/\/horseducation.com\/de\/about\/","title":{"rendered":"About"},"content":{"rendered":"\n<div class=\"wp-block-group alignfull has-contrast-color has-text-color has-link-color wp-elements-594c056ba594b5caa9954ed329603b6a is-content-justification-space-between is-layout-flex wp-container-core-group-is-layout-3f94fa88 wp-block-group-is-layout-flex\" style=\"padding-top:var(--wp--preset--spacing--30);padding-right:var(--wp--preset--spacing--30);padding-bottom:var(--wp--preset--spacing--30);padding-left:var(--wp--preset--spacing--30)\"><nav class=\"is-responsive items-justified-right wp-block-navigation is-content-justification-right is-layout-flex wp-container-core-navigation-is-layout-f665d2b5 wp-block-navigation-is-layout-flex\" aria-label=\"Navigation\" \n\t\t data-wp-interactive=\"core\/navigation\" data-wp-context='{\"overlayOpenedBy\":{\"click\":false,\"hover\":false,\"focus\":false},\"type\":\"overlay\",\"roleAttribute\":\"\",\"ariaLabel\":\"Men\\u00fc\"}'><button aria-haspopup=\"dialog\" aria-label=\"Men\u00fc \u00f6ffnen\" class=\"wp-block-navigation__responsive-container-open always-shown\" \n\t\t\t\tdata-wp-on--click=\"actions.openMenuOnClick\"\n\t\t\t\tdata-wp-on--keydown=\"actions.handleMenuKeydown\"\n\t\t\t><svg width=\"24\" height=\"24\" xmlns=\"http:\/\/www.w3.org\/2000\/svg\" viewBox=\"0 0 24 24\" aria-hidden=\"true\" focusable=\"false\"><path d=\"M4 7.5h16v1.5H4z\"><\/path><path d=\"M4 15h16v1.5H4z\"><\/path><\/svg><\/button>\n\t\t\t\t<div class=\"wp-block-navigation__responsive-container hidden-by-default\"  id=\"modal-1\" \n\t\t\t\tdata-wp-class--has-modal-open=\"state.isMenuOpen\"\n\t\t\t\tdata-wp-class--is-menu-open=\"state.isMenuOpen\"\n\t\t\t\tdata-wp-watch=\"callbacks.initMenu\"\n\t\t\t\tdata-wp-on--keydown=\"actions.handleMenuKeydown\"\n\t\t\t\tdata-wp-on--focusout=\"actions.handleMenuFocusout\"\n\t\t\t\ttabindex=\"-1\"\n\t\t\t>\n\t\t\t\t\t<div class=\"wp-block-navigation__responsive-close\" tabindex=\"-1\">\n\t\t\t\t\t\t<div class=\"wp-block-navigation__responsive-dialog\" \n\t\t\t\tdata-wp-bind--aria-modal=\"state.ariaModal\"\n\t\t\t\tdata-wp-bind--aria-label=\"state.ariaLabel\"\n\t\t\t\tdata-wp-bind--role=\"state.roleAttribute\"\n\t\t\t>\n\t\t\t\t\t\t\t<button aria-label=\"Men\u00fc schlie\u00dfen\" class=\"wp-block-navigation__responsive-container-close\" \n\t\t\t\tdata-wp-on--click=\"actions.closeMenuOnClick\"\n\t\t\t><svg xmlns=\"http:\/\/www.w3.org\/2000\/svg\" viewBox=\"0 0 24 24\" width=\"24\" height=\"24\" aria-hidden=\"true\" focusable=\"false\"><path d=\"m13.06 12 6.47-6.47-1.06-1.06L12 10.94 5.53 4.47 4.47 5.53 10.94 12l-6.47 6.47 1.06 1.06L12 13.06l6.47 6.47 1.06-1.06L13.06 12Z\"><\/path><\/svg><\/button>\n\t\t\t\t\t\t\t<div class=\"wp-block-navigation__responsive-container-content\" \n\t\t\t\tdata-wp-watch=\"callbacks.focusFirstElement\"\n\t\t\t id=\"modal-1-content\">\n\t\t\t\t\t\t\t\t<ul class=\"wp-block-navigation__container is-responsive items-justified-right wp-block-navigation\"><ul class=\"wp-block-page-list\"><li class=\"wp-block-pages-list__item wp-block-navigation-item open-on-hover-click\"><a class=\"wp-block-pages-list__item__link wp-block-navigation-item__content\" href=\"https:\/\/horseducation.com\/de\/about\/\">About<\/a><\/li><li class=\"wp-block-pages-list__item wp-block-navigation-item open-on-hover-click\"><a class=\"wp-block-pages-list__item__link wp-block-navigation-item__content\" href=\"https:\/\/horseducation.com\/de\/contact\/\">Contact<\/a><\/li><li class=\"wp-block-pages-list__item wp-block-navigation-item open-on-hover-click\"><a class=\"wp-block-pages-list__item__link wp-block-navigation-item__content\" href=\"https:\/\/horseducation.com\/de\/customer-cabinet\/\">Customer Cabinet<\/a><\/li><li class=\"wp-block-pages-list__item wp-block-navigation-item open-on-hover-click\"><a class=\"wp-block-pages-list__item__link wp-block-navigation-item__content\" href=\"https:\/\/horseducation.com\/de\/2241-2\/\">Dankeseite Webinar Anmeldung<\/a><\/li><li class=\"wp-block-pages-list__item wp-block-navigation-item open-on-hover-click\"><a class=\"wp-block-pages-list__item__link wp-block-navigation-item__content\" href=\"https:\/\/horseducation.com\/de\/datenschutzerklaerung-2\/\">Datenschutzerkl\u00e4rung<\/a><\/li><li class=\"wp-block-pages-list__item wp-block-navigation-item open-on-hover-click menu-item-home\"><a class=\"wp-block-pages-list__item__link wp-block-navigation-item__content\" href=\"https:\/\/horseducation.com\/de\/\">Home<\/a><\/li><li class=\"wp-block-pages-list__item wp-block-navigation-item open-on-hover-click\"><a class=\"wp-block-pages-list__item__link wp-block-navigation-item__content\" href=\"https:\/\/horseducation.com\/de\/impressum\/\">Impressum<\/a><\/li><li class=\"wp-block-pages-list__item wp-block-navigation-item open-on-hover-click\"><a class=\"wp-block-pages-list__item__link wp-block-navigation-item__content\" href=\"https:\/\/horseducation.com\/de\/leistungsuebersicht\/\">Preise<\/a><\/li><li class=\"wp-block-pages-list__item wp-block-navigation-item open-on-hover-click\"><a class=\"wp-block-pages-list__item__link wp-block-navigation-item__content\" href=\"https:\/\/horseducation.com\/de\/services\/\">Services<\/a><\/li><li class=\"wp-block-pages-list__item wp-block-navigation-item open-on-hover-click\"><a class=\"wp-block-pages-list__item__link wp-block-navigation-item__content\" href=\"https:\/\/horseducation.com\/de\/startseite\/\">Startseite<\/a><\/li><li class=\"wp-block-pages-list__item wp-block-navigation-item open-on-hover-click\"><a class=\"wp-block-pages-list__item__link wp-block-navigation-item__content\" href=\"https:\/\/horseducation.com\/de\/webinar\/\">Webinar<\/a><\/li><\/ul><\/ul>\n\t\t\t\t\t\t\t<\/div>\n\t\t\t\t\t\t<\/div>\n\t\t\t\t\t<\/div>\n\t\t\t\t<\/div><\/nav><\/div>\n\n\n\n<div class=\"wp-block-uagb-container uagb-block-1aca0757 alignfull uagb-is-root-container\"><div class=\"uagb-container-inner-blocks-wrap\">\n<div class=\"wp-block-uagb-container uagb-block-dc142eae\">\n<div class=\"wp-block-uagb-image uagb-block-8dca6807 wp-block-uagb-image--layout-default wp-block-uagb-image--effect-static wp-block-uagb-image--align-none\"><figure class=\"wp-block-uagb-image__figure\"><img decoding=\"async\" srcset=\"https:\/\/horseducation.com\/de\/wp-content\/uploads\/2025\/12\/5Y2A5239-768x1024.jpg ,https:\/\/horseducation.com\/de\/wp-content\/uploads\/2025\/12\/5Y2A5239-scaled.jpg 780w, https:\/\/horseducation.com\/de\/wp-content\/uploads\/2025\/12\/5Y2A5239-scaled.jpg 360w\" sizes=\"auto, (max-width: 480px) 150px\" src=\"https:\/\/horseducation.com\/de\/wp-content\/uploads\/2025\/12\/5Y2A5239-768x1024.jpg\" alt=\"\" class=\"uag-image-2014\" width=\"3672\" height=\"4896\" title=\"5Y2A5239\" loading=\"lazy\" role=\"img\"\/><\/figure><\/div>\n<\/div>\n\n\n\n<div class=\"wp-block-columns is-layout-flex wp-container-core-columns-is-layout-28f84493 wp-block-columns-is-layout-flex\">\n<div class=\"wp-block-column is-layout-flow wp-block-column-is-layout-flow\" style=\"flex-basis:100%\">\n<div class=\"wp-block-uagb-advanced-heading uagb-block-98b8ff0d\"><h1 class=\"uagb-heading-text\">Hi, ich bin Bonnie, <\/h1><\/div>\n\n\n\n<p class=\"has-text-align-left has-medium-font-size\" style=\"border-style:none;border-width:0px;margin-top:0;margin-right:0;margin-bottom:0;margin-left:0;line-height:2.1\"><strong>deine Expertin f\u00fcr gesundes Pferdetraining <\/strong><\/p>\n\n\n\n<p class=\"has-text-align-left has-medium-font-size\" style=\"border-style:none;border-width:0px;margin-top:0;margin-right:0;margin-bottom:0;margin-left:0\"><strong>und klare Kommunikation.<\/strong><\/p>\n\n\n\n<p style=\"margin-top:50px;margin-bottom:50px;line-height:1.9\">Ich begleite Freizeitreiter und ihre Pferde individuell \u2013 mit Blick f\u00fcrs Ganze:<br>von der Gymnastizierung am Boden bis zur feinen Hilfengebung im Sattel.<\/p>\n\n\n\n<p><\/p>\n<\/div>\n<\/div>\n<\/div><\/div>\n\n\n\n<p><\/p>\n\n\n\n<div class=\"wp-block-uagb-container uagb-layout-grid uagb-block-e28cfc75 default uagb-is-root-container\">\n<div class=\"wp-block-uagb-info-box uagb-block-ef8a8f12 uagb-infobox__content-wrap  uagb-infobox-icon-above-title uagb-infobox-image-valign-top\"><div class=\"uagb-ifb-content\"><div class=\"uagb-ifb-icon-wrap\"><svg xmlns=\"https:\/\/www.w3.org\/2000\/svg\" viewBox=\"0 0 576 512\"><path d=\"M575.9 76.61c0-8.125-3.05-15.84-8.55-21.84c-3.875-4-8.595-9.125-13.72-14.5c11.12-6.75 19.47-17.51 22.22-30.63c.9999-5-2.849-9.641-7.974-9.641L447.9 0c-70.62 0-127.9 57.25-127.9 128L159.1 128c-28.87 0-54.38 12.1-72 33.12L87.1 160C39.5 160 .0001 199.5 .0001 248L0 304c0 8.875 7.125 15.1 15.1 15.1L31.1 320c8.874 0 15.1-7.125 15.1-16l.0005-56c0-13.25 6.884-24.4 16.76-31.65c-.125 2.5-.758 5.024-.758 7.649c0 27.62 11.87 52.37 30.5 69.87l-25.65 68.61c-4.586 12.28-5.312 25.68-2.128 38.4l21.73 86.89C92.02 502 104.8 512 119.5 512h32.98c20.81 0 36.08-19.55 31.05-39.74L162.2 386.9l23.78-63.61l133.1 22.34L319.1 480c0 17.67 14.33 32 31.1 32h31.1c17.67 0 31.1-14.33 31.1-32l.0166-161.8C435.7 297.1 447.1 270.5 447.1 240c0-.25-.1025-.3828-.1025-.6328V136.9L463.9 144l18.95 37.72c7.481 14.86 25.08 21.55 40.52 15.34l32.54-13.05c12.13-4.878 20.11-16.67 20.09-29.74L575.9 76.61zM511.9 96c-8.75 0-15.1-7.125-15.1-16S503.1 64 511.9 64c8.874 0 15.1 7.125 15.1 16S520.8 96 511.9 96z\"><\/path><\/svg><\/div><div class=\"uagb-ifb-title-wrap\"><h3 class=\"uagb-ifb-title\">\u00dcber 30 Jahre Erfahrung mit Pferden<\/h3><\/div><\/div><\/div>\n\n\n\n<div class=\"wp-block-uagb-info-box uagb-block-9ea2c6b1 uagb-infobox__content-wrap  uagb-infobox-icon-above-title uagb-infobox-image-valign-top wp-block-uagb-info-box--has-margin\"><div class=\"uagb-infobox-margin-wrapper\"><div class=\"uagb-ifb-content\"><div class=\"uagb-ifb-icon-wrap\"><svg xmlns=\"https:\/\/www.w3.org\/2000\/svg\" viewBox=\"0 0 512 512\"><path d=\"M256 31.1c-141.4 0-255.1 93.12-255.1 208c0 49.62 21.35 94.98 56.97 130.7c-12.5 50.37-54.27 95.27-54.77 95.77c-2.25 2.25-2.875 5.734-1.5 8.734c1.249 3 4.021 4.766 7.271 4.766c66.25 0 115.1-31.76 140.6-51.39c32.63 12.25 69.02 19.39 107.4 19.39c141.4 0 255.1-93.13 255.1-207.1S397.4 31.1 256 31.1zM127.1 271.1c-17.75 0-32-14.25-32-31.1s14.25-32 32-32s32 14.25 32 32S145.7 271.1 127.1 271.1zM256 271.1c-17.75 0-31.1-14.25-31.1-31.1s14.25-32 31.1-32s31.1 14.25 31.1 32S273.8 271.1 256 271.1zM383.1 271.1c-17.75 0-32-14.25-32-31.1s14.25-32 32-32s32 14.25 32 32S401.7 271.1 383.1 271.1z\"><\/path><\/svg><\/div><div class=\"uagb-ifb-title-wrap\"><h3 class=\"uagb-ifb-title\">\u00dcber 15 Jahre Erfahrung <br>im Unterrichten<\/h3><\/div><\/div><\/div><\/div>\n\n\n\n<div class=\"wp-block-uagb-info-box uagb-block-f0b2c4a7 uagb-infobox__content-wrap  uagb-infobox-icon-above-title uagb-infobox-image-valign-top\"><div class=\"uagb-ifb-content\"><div class=\"uagb-ifb-icon-wrap\"><svg xmlns=\"https:\/\/www.w3.org\/2000\/svg\" viewBox=\"0 0 384 512\"><path d=\"M288 358.3c13.98-8.088 17.53-30.04 28.88-41.39c11.35-11.35 33.3-14.88 41.39-28.87c7.98-13.79 .1658-34.54 4.373-50.29C366.7 222.5 383.1 208.5 383.1 192c0-16.5-17.27-30.52-21.34-45.73c-4.207-15.75 3.612-36.5-4.365-50.29c-8.086-13.98-30.03-17.52-41.38-28.87c-11.35-11.35-14.89-33.3-28.87-41.39c-13.79-7.979-34.54-.1637-50.29-4.375C222.5 17.27 208.5 0 192 0C175.5 0 161.5 17.27 146.3 21.34C130.5 25.54 109.8 17.73 95.98 25.7C82 33.79 78.46 55.74 67.11 67.08C55.77 78.43 33.81 81.97 25.72 95.95C17.74 109.7 25.56 130.5 21.35 146.2C17.27 161.5 .0008 175.5 .0008 192c0 16.5 17.27 30.52 21.34 45.73c4.207 15.75-3.615 36.5 4.361 50.29C33.8 302 55.74 305.5 67.08 316.9c11.35 11.35 14.89 33.3 28.88 41.4c13.79 7.979 34.53 .1582 50.28 4.369C161.5 366.7 175.5 384 192 384c16.5 0 30.52-17.27 45.74-21.34C253.5 358.5 274.2 366.3 288 358.3zM112 192c0-44.27 35.81-80 80-80s80 35.73 80 80c0 44.17-35.81 80-80 80S112 236.2 112 192zM1.719 433.2c-3.25 8.188-1.781 17.48 3.875 24.25c5.656 6.75 14.53 9.898 23.12 8.148l45.19-9.035l21.43 42.27C99.46 507 107.6 512 116.7 512c.3438 0 .6641-.0117 1.008-.0273c9.5-.375 17.65-6.082 21.24-14.88l33.58-82.08c-53.71-4.639-102-28.12-138.2-63.95L1.719 433.2zM349.6 351.1c-36.15 35.83-84.45 59.31-138.2 63.95l33.58 82.08c3.594 8.797 11.74 14.5 21.24 14.88C266.6 511.1 266.1 512 267.3 512c9.094 0 17.23-4.973 21.35-13.14l21.43-42.28l45.19 9.035c8.594 1.75 17.47-1.398 23.12-8.148c5.656-6.766 7.125-16.06 3.875-24.25L349.6 351.1z\"><\/path><\/svg><\/div><div class=\"uagb-ifb-title-wrap\"><h3 class=\"uagb-ifb-title\">\u00dcber 5 Jahre Erfahrung <br>als Ausbilderin<\/h3><\/div><\/div><\/div>\n<\/div>\n\n\n\n<div class=\"wp-block-columns is-layout-flex wp-container-core-columns-is-layout-28f84493 wp-block-columns-is-layout-flex\">\n<div class=\"wp-block-column is-layout-flow wp-block-column-is-layout-flow\" style=\"flex-basis:100%\">\n<div class=\"wp-block-columns is-layout-flex wp-container-core-columns-is-layout-28f84493 wp-block-columns-is-layout-flex\">\n<div class=\"wp-block-column is-layout-flow wp-block-column-is-layout-flow\" style=\"flex-basis:100%\">\n<p style=\"margin-right:0;margin-left:0\"><\/p>\n\n\n\n<p class=\"has-text-align-center has-background has-medium-font-size\" style=\"border-style:none;border-width:0px;background-color:#85bca5;margin-right:var(--wp--preset--spacing--80);margin-left:var(--wp--preset--spacing--80)\"><strong>Du bist bei mir richtig, wenn&#8230;<\/strong><\/p>\n\n\n\n<div class=\"wp-block-uagb-icon-list uagb-block-28f76b16\"><div class=\"uagb-icon-list__wrap\">\n<div class=\"wp-block-uagb-icon-list-child uagb-block-0f5d903a\"><span class=\"uagb-icon-list__source-wrap\"><svg xmlns=\"https:\/\/www.w3.org\/2000\/svg\" viewBox=\"0 0 512 512\"><path d=\"M256 0C114.6 0 0 114.6 0 256c0 141.4 114.6 256 256 256s256-114.6 256-256C512 114.6 397.4 0 256 0zM406.6 278.6l-103.1 103.1c-12.5 12.5-32.75 12.5-45.25 0s-12.5-32.75 0-45.25L306.8 288H128C110.3 288 96 273.7 96 256s14.31-32 32-32h178.8l-49.38-49.38c-12.5-12.5-12.5-32.75 0-45.25s32.75-12.5 45.25 0l103.1 103.1C414.6 241.3 416 251.1 416 256C416 260.9 414.6 270.7 406.6 278.6z\"><\/path><\/svg><\/span><span class=\"uagb-icon-list__label\"><strong><strong><strong>&#8230;<strong>du dein Pferd gesunderhaltend trainieren m\u00f6chtest und bereit bist, Verantwortung zu \u00fcbernehmen.<\/strong><\/strong>.<\/strong><\/strong><\/span><\/div>\n\n\n\n<div class=\"wp-block-uagb-icon-list-child uagb-block-734a4393\"><span class=\"uagb-icon-list__source-wrap\"><svg xmlns=\"https:\/\/www.w3.org\/2000\/svg\" viewBox=\"0 0 512 512\"><path d=\"M256 0C114.6 0 0 114.6 0 256c0 141.4 114.6 256 256 256s256-114.6 256-256C512 114.6 397.4 0 256 0zM406.6 278.6l-103.1 103.1c-12.5 12.5-32.75 12.5-45.25 0s-12.5-32.75 0-45.25L306.8 288H128C110.3 288 96 273.7 96 256s14.31-32 32-32h178.8l-49.38-49.38c-12.5-12.5-12.5-32.75 0-45.25s32.75-12.5 45.25 0l103.1 103.1C414.6 241.3 416 251.1 416 256C416 260.9 414.6 270.7 406.6 278.6z\"><\/path><\/svg><\/span><span class=\"uagb-icon-list__label\"><strong>&#8230;<strong> du Freude an der Bodenarbeit hast und dein Pferd besser verstehen willst.<\/strong><\/strong><\/span><\/div>\n\n\n\n<div class=\"wp-block-uagb-icon-list-child uagb-block-336c96ea\"><span class=\"uagb-icon-list__source-wrap\"><svg xmlns=\"https:\/\/www.w3.org\/2000\/svg\" viewBox=\"0 0 512 512\"><path d=\"M256 0C114.6 0 0 114.6 0 256c0 141.4 114.6 256 256 256s256-114.6 256-256C512 114.6 397.4 0 256 0zM406.6 278.6l-103.1 103.1c-12.5 12.5-32.75 12.5-45.25 0s-12.5-32.75 0-45.25L306.8 288H128C110.3 288 96 273.7 96 256s14.31-32 32-32h178.8l-49.38-49.38c-12.5-12.5-12.5-32.75 0-45.25s32.75-12.5 45.25 0l103.1 103.1C414.6 241.3 416 251.1 416 256C416 260.9 414.6 270.7 406.6 278.6z\"><\/path><\/svg><\/span><span class=\"uagb-icon-list__label\"><strong>\u2026 du wei\u00dft, dass eine solide Basis entscheidend ist f\u00fcr nachhaltigen Erfolg.<\/strong><\/span><\/div>\n\n\n\n<div class=\"wp-block-uagb-icon-list-child uagb-block-1c738ce0\"><span class=\"uagb-icon-list__source-wrap\"><svg xmlns=\"https:\/\/www.w3.org\/2000\/svg\" viewBox=\"0 0 512 512\"><path d=\"M256 0C114.6 0 0 114.6 0 256c0 141.4 114.6 256 256 256s256-114.6 256-256C512 114.6 397.4 0 256 0zM406.6 278.6l-103.1 103.1c-12.5 12.5-32.75 12.5-45.25 0s-12.5-32.75 0-45.25L306.8 288H128C110.3 288 96 273.7 96 256s14.31-32 32-32h178.8l-49.38-49.38c-12.5-12.5-12.5-32.75 0-45.25s32.75-12.5 45.25 0l103.1 103.1C414.6 241.3 416 251.1 416 256C416 260.9 414.6 270.7 406.6 278.6z\"><\/path><\/svg><\/span><span class=\"uagb-icon-list__label\"><strong><strong>\u2026 du bereit bist zu lernen \u2013 \u00fcber dein Pferd, aber auch \u00fcber dich selbst.<\/strong><\/strong><\/span><\/div>\n<\/div><\/div>\n\n\n\n<p><\/p>\n<\/div>\n<\/div>\n\n\n\n<div class=\"wp-block-uagb-container uagb-block-da5d164a alignfull uagb-is-root-container\"><div class=\"uagb-container-inner-blocks-wrap\">\n<div class=\"wp-block-uagb-container uagb-block-fdfc0364\">\n<div class=\"wp-block-uagb-info-box uagb-block-0ef86749 uagb-infobox__content-wrap  uagb-infobox-icon-above-title uagb-infobox-image-valign-top\"><div class=\"uagb-ifb-content\"><div class=\"uagb-ifb-title-wrap\"><span class=\"uagb-ifb-title-prefix\"><br>                              <strong>Mein Weg mit den Pferden<br><br><\/strong>Schon als Kind war f\u00fcr mich klar: Pferde sind mehr als ein Hobby \u2013 sie sind meine Leidenschaft.<br>Mit sieben Jahren begann ich zu reiten, startete mit Voltigieren und \u00fcbernahm fr\u00fch Verantwortung im Stall. Ein eigenes Pferd hatte ich lange nicht \u2013 und genau das war mein Gl\u00fcck. Ich durfte viele unterschiedliche Pferde trainieren und reiten und so von ihnen lernen.<br>Mit 17 begann ich, im Verein zu unterrichten und die Jugend zu betreuen. 2010 erf\u00fcllte ich mir den Traum vom eigenen Pferd \u2013 und begann, meinen eigenen Weg im Pferdetraining zu gehen.<br><br><strong>Vom Unterricht zur Ausbildung<br><br><\/strong>Meine Leidenschaft f\u00fcrs Unterrichten begleitet mich seit meiner Jugend \u2013 heute auch hauptberuflich: Ich bin Lehrerin an einem Gymnasium und liebe es, Lernprozesse zu gestalten.<br><br>2017 begann ich meine Weiterbildung an einer etablierten Ausbildungsst\u00e4tte, wo ich meine Trainerausbildung absolvierte.<br>Dort war ich bis 2025 aktiv in der Ausbildung angehender Trainer*innen t\u00e4tig, f\u00fchrte Lernzielkontrollen durch und entwickelte p\u00e4dagogische Konzepte mit.<br><br>Diese Zeit hat mir gezeigt:<br>Fachwissen allein reicht nicht \u2013 Kommunikation ist der Schl\u00fcssel.<br><br><strong>Mein Ansatz<br><br><\/strong>F\u00fcr mich beginnt gutes Pferdetraining mit klarer Kommunikation \u2013 auf mehreren Ebenen:<br>zwischen Pferd und Mensch, aber auch zwischen Trainer und Reiter.<br>Nur wenn beide Seiten einander verstehen, kann nachhaltige Entwicklung entstehen.<br><br>Ich verbinde didaktisches Wissen aus dem Lehrberuf mit praktischer Erfahrung im Pferdetraining.<br>So entsteht Unterricht, der nicht nur Technik vermittelt, sondern Beziehung st\u00e4rkt \u2013 f\u00fcr Pferd und Mensch.<br><br><strong>Bei HorsEducation lernst du \u2026<br><br>\u2026 Sicherheit und Souver\u00e4nit\u00e4t in allen Situationen.<br>\u2026 K\u00f6rpersprache bewusst einzusetzen<br>\u2026 dein Pferd gesund zu gymnastizieren<br>\u2026 selbstst\u00e4ndig zu trainieren.<br>\u2026 dich gemeinsam mit deinem Pferd weiterzuentwickeln.<\/strong><br><strong>&nbsp;<\/strong><br><strong><br>Weiterbildung und Vision<br><br><\/strong>Ich liebe es, zu lernen \u2013 und dieses Wissen weiterzugeben.<br>Neben meiner T\u00e4tigkeit als Trainerin bilde ich mich selbst stetig fort:<br>Ich habe die Sachkunde Pferdehaltung absolviert, 2023 einen Artikel im Paragraphenreiter zur Geschichte der Reiterei ver\u00f6ffentlicht und bilde mich seit 2024 zur Sitztrainerin bei Reiter bewegen\u00ae weiter.<br><br>Seit 2025 bereichert ein Reitsimulator mein Angebot. Damit kann ich Sitz und Einwirkung noch gezielter analysieren und verst\u00e4ndlich vermitteln \u2013 ein echter Mehrwert im Unterricht f\u00fcr Pferd und Reiter.<br><br><strong>Schule f\u00fcr Pferd &amp; Mensch<br><br><\/strong>HorsEducation ist f\u00fcr mich mehr als ein Name \u2013 es ist ein Konzept.<br>Ich sehe das Training als gemeinsamen Lernweg, auf dem beide Partner wachsen.<br>Denn nicht nur das Pferd lernt \u2013 auch der Mensch entwickelt sich mit jeder Einheit weiter.<br><br>HorsEducation \u2013 Schule f\u00fcr Pferd und Mensch:<br>Weil Verbindung mehr ist als ein Z\u00fcgel in der Hand.<br><\/span><\/div><\/div><\/div>\n\n\n\n<div class=\"wp-block-uagb-advanced-heading uagb-block-930e46bc\"><\/div>\n<\/div>\n<\/div><\/div>\n<\/div>\n<\/div>\n\n\n\n<p><\/p>\n","protected":false},"excerpt":{"rendered":"<p>Hi, ich bin Bonnie, deine Expertin f\u00fcr gesundes Pferdetraining und klare Kommunikation. Ich begleite Freizeitreiter und ihre Pferde individuell \u2013 mit Blick f\u00fcrs Ganze:von der Gymnastizierung am Boden bis zur feinen Hilfengebung im Sattel. Du bist bei mir richtig, wenn&#8230;<\/p>\n","protected":false},"author":1,"featured_media":0,"parent":0,"menu_order":0,"comment_status":"closed","ping_status":"closed","template":"","meta":{"_uag_custom_page_level_css":"","site-sidebar-layout":"no-sidebar","site-content-layout":"plain-container","ast-site-content-layout":"full-width-container","site-content-style":"boxed","site-sidebar-style":"boxed","ast-global-header-display":"","ast-banner-title-visibility":"","ast-main-header-display":"","ast-hfb-above-header-display":"","ast-hfb-below-header-display":"","ast-hfb-mobile-header-display":"","site-post-title":"disabled","ast-breadcrumbs-content":"","ast-featured-img":"disabled","footer-sml-layout":"","theme-transparent-header-meta":"enabled","adv-header-id-meta":"","stick-header-meta":"","header-above-stick-meta":"","header-main-stick-meta":"","header-below-stick-meta":"","astra-migrate-meta-layouts":"set","ast-page-background-enabled":"default","ast-page-background-meta":{"desktop":{"background-color":"","background-image":"","background-repeat":"repeat","background-position":"center center","background-size":"auto","background-attachment":"scroll","background-type":"","background-media":"","overlay-type":"","overlay-color":"","overlay-opacity":"","overlay-gradient":""},"tablet":{"background-color":"","background-image":"","background-repeat":"repeat","background-position":"center center","background-size":"auto","background-attachment":"scroll","background-type":"","background-media":"","overlay-type":"","overlay-color":"","overlay-opacity":"","overlay-gradient":""},"mobile":{"background-color":"","background-image":"","background-repeat":"repeat","background-position":"center center","background-size":"auto","background-attachment":"scroll","background-type":"","background-media":"","overlay-type":"","overlay-color":"","overlay-opacity":"","overlay-gradient":""}},"ast-content-background-meta":{"desktop":{"background-color":"var(--ast-global-color-5)","background-image":"","background-repeat":"repeat","background-position":"center center","background-size":"auto","background-attachment":"scroll","background-type":"","background-media":"","overlay-type":"","overlay-color":"","overlay-opacity":"","overlay-gradient":""},"tablet":{"background-color":"var(--ast-global-color-5)","background-image":"","background-repeat":"repeat","background-position":"center center","background-size":"auto","background-attachment":"scroll","background-type":"","background-media":"","overlay-type":"","overlay-color":"","overlay-opacity":"","overlay-gradient":""},"mobile":{"background-color":"var(--ast-global-color-5)","background-image":"","background-repeat":"repeat","background-position":"center center","background-size":"auto","background-attachment":"scroll","background-type":"","background-media":"","overlay-type":"","overlay-color":"","overlay-opacity":"","overlay-gradient":""}},"footnotes":""},"class_list":["post-218","page","type-page","status-publish","hentry"],"uagb_featured_image_src":{"full":false,"thumbnail":false,"medium":false,"medium_large":false,"large":false,"1536x1536":false,"2048x2048":false},"uagb_author_info":{"display_name":"boki","author_link":"https:\/\/horseducation.com\/de\/author\/boki\/"},"uagb_comment_info":0,"uagb_excerpt":"Hi, ich bin Bonnie, deine Expertin f\u00fcr gesundes Pferdetraining und klare Kommunikation. Ich begleite Freizeitreiter und ihre Pferde individuell \u2013 mit Blick f\u00fcrs Ganze:von der Gymnastizierung am Boden bis zur feinen Hilfengebung im Sattel. Du bist bei mir richtig, wenn&#8230;","_links":{"self":[{"href":"https:\/\/horseducation.com\/de\/wp-json\/wp\/v2\/pages\/218","targetHints":{"allow":["GET"]}}],"collection":[{"href":"https:\/\/horseducation.com\/de\/wp-json\/wp\/v2\/pages"}],"about":[{"href":"https:\/\/horseducation.com\/de\/wp-json\/wp\/v2\/types\/page"}],"author":[{"embeddable":true,"href":"https:\/\/horseducation.com\/de\/wp-json\/wp\/v2\/users\/1"}],"replies":[{"embeddable":true,"href":"https:\/\/horseducation.com\/de\/wp-json\/wp\/v2\/comments?post=218"}],"version-history":[{"count":69,"href":"https:\/\/horseducation.com\/de\/wp-json\/wp\/v2\/pages\/218\/revisions"}],"predecessor-version":[{"id":2069,"href":"https:\/\/horseducation.com\/de\/wp-json\/wp\/v2\/pages\/218\/revisions\/2069"}],"wp:attachment":[{"href":"https:\/\/horseducation.com\/de\/wp-json\/wp\/v2\/media?parent=218"}],"curies":[{"name":"wp","href":"https:\/\/api.w.org\/{rel}","templated":true}]}}