{"id":217,"date":"2025-04-07T20:41:24","date_gmt":"2025-04-07T18:41:24","guid":{"rendered":"http:\/\/horseducation.com\/de\/home\/"},"modified":"2026-02-01T13:34:45","modified_gmt":"2026-02-01T12:34:45","slug":"home","status":"publish","type":"page","link":"https:\/\/horseducation.com\/de\/","title":{"rendered":"Home"},"content":{"rendered":"\n<div class=\"wp-block-uagb-container uagb-block-07933978 alignfull uagb-is-root-container\"><div class=\"uagb-container-inner-blocks-wrap\">\n<div class=\"wp-block-uagb-info-box uagb-block-425cc6b4 uagb-infobox__content-wrap  uagb-infobox-icon-above-title uagb-infobox-image-valign-top wp-block-uagb-info-box--has-margin\"><div class=\"uagb-infobox-margin-wrapper\"><div class=\"uagb-ifb-content\"><div class=\"uagb-ifb-title-wrap\"><h1 class=\"uagb-ifb-title\"><img loading=\"lazy\" decoding=\"async\" width=\"550\" height=\"124\" class=\"wp-image-1860\" style=\"width: 550px;\" src=\"https:\/\/horseducation.com\/de\/wp-content\/uploads\/2025\/05\/bonniehof_weiss_gruppiert-3.png\" alt=\"\" srcset=\"https:\/\/horseducation.com\/de\/wp-content\/uploads\/2025\/05\/bonniehof_weiss_gruppiert-3.png 1399w, https:\/\/horseducation.com\/de\/wp-content\/uploads\/2025\/05\/bonniehof_weiss_gruppiert-3-300x68.png 300w, https:\/\/horseducation.com\/de\/wp-content\/uploads\/2025\/05\/bonniehof_weiss_gruppiert-3-1024x231.png 1024w, https:\/\/horseducation.com\/de\/wp-content\/uploads\/2025\/05\/bonniehof_weiss_gruppiert-3-768x173.png 768w\" sizes=\"auto, (max-width: 550px) 100vw, 550px\" \/><\/h1><\/div><p class=\"uagb-ifb-desc\">Schule f\u00fcr Pferd &amp; Mensch<br><br><br><\/p><\/div><\/div><\/div>\n\n\n\n<div class=\"wp-block-uagb-buttons uagb-buttons__outer-wrap uagb-btn__default-btn uagb-btn-tablet__default-btn uagb-btn-mobile__default-btn uagb-block-d1a4c53b\"><div class=\"uagb-buttons__wrap uagb-buttons-layout-wrap \">\n<div class=\"wp-block-uagb-buttons-child uagb-buttons__outer-wrap uagb-block-b49ff6e8 wp-block-button\"><div class=\"uagb-button__wrapper\"><a class=\"uagb-buttons-repeater wp-block-button__link\" aria-label=\"\" href=\"https:\/\/horseducation.com\/de\/services\/\" rel=\"follow noopener\" target=\"_self\" role=\"button\"><div class=\"uagb-button__link\">Angebote<\/div><\/a><\/div><\/div>\n\n\n\n<div class=\"wp-block-uagb-buttons-child uagb-buttons__outer-wrap uagb-block-34aa6fc1 wp-block-button\"><div class=\"uagb-button__wrapper\"><a class=\"uagb-buttons-repeater wp-block-button__link\" aria-label=\"\" href=\"https:\/\/horseducation.com\/de\/about\/\" rel=\"follow noopener\" target=\"_self\" role=\"button\"><div class=\"uagb-button__link\">\u00dcber mich<\/div><\/a><\/div><\/div>\n\n\n\n<div class=\"wp-block-uagb-buttons-child uagb-buttons__outer-wrap uagb-block-0e8faf9c wp-block-button\"><div class=\"uagb-button__wrapper\"><a class=\"uagb-buttons-repeater wp-block-button__link\" aria-label=\"\" href=\"https:\/\/horseducation.com\/de\/contact\/\" rel=\"follow noopener\" target=\"_self\" role=\"button\"><div class=\"uagb-button__link\">Kontakt<\/div><\/a><\/div><\/div>\n<\/div><\/div>\n<\/div><\/div>\n\n\n\n<div class=\"wp-block-uagb-container uagb-layout-flex uagb-block-658a4826 alignfull uagb-is-root-container\"><div class=\"uagb-container-inner-blocks-wrap\">\n<div class=\"wp-block-uagb-container uagb-block-7f40538c\">\n<div class=\"wp-block-uagb-advanced-heading uagb-block-bee80206\"><h4 class=\"uagb-heading-text\"><strong>Sitz &amp; Balance Training f\u00fcr Reiter<\/strong><\/h4><\/div>\n<\/div>\n\n\n\n<div class=\"wp-block-uagb-container uagb-block-17caf265\">\n<div class=\"wp-block-uagb-advanced-heading uagb-block-413fd8af\"><h4 class=\"uagb-heading-text\"><strong>K\u00f6rperbewusste Bodenarbeit<\/strong><\/h4><\/div>\n<\/div>\n\n\n\n<div class=\"wp-block-uagb-container uagb-block-09e0e545\">\n<div class=\"wp-block-uagb-advanced-heading uagb-block-ff4f4efc\"><h4 class=\"uagb-heading-text\"><strong>Zirkuslektionen<\/strong><\/h4><\/div>\n<\/div>\n<\/div><\/div>\n\n\n\n<div class=\"wp-block-uagb-container uagb-layout-flex uagb-block-07741c10 alignfull uagb-is-root-container\"><div class=\"uagb-container-inner-blocks-wrap\">\n<div class=\"wp-block-uagb-container uagb-block-3fcd6c66\">\n<div class=\"wp-block-uagb-advanced-heading uagb-block-613f707b\"><h4 class=\"uagb-heading-text\"><strong>Beritt &amp; Jungpferdetraining<\/strong><\/h4><\/div>\n<\/div>\n\n\n\n<div class=\"wp-block-uagb-container uagb-block-f8972d01\">\n<div class=\"wp-block-uagb-advanced-heading uagb-block-91848ed1\"><h4 class=\"uagb-heading-text\"><strong>Effektive Longenarbeit<\/strong><\/h4><\/div>\n<\/div>\n\n\n\n<div class=\"wp-block-uagb-container uagb-block-e0ed807e\">\n<div class=\"wp-block-uagb-advanced-heading uagb-block-fc48ee67\"><h4 class=\"uagb-heading-text\"><strong>Sicheres Verladen<\/strong><\/h4><\/div>\n<\/div>\n<\/div><\/div>\n\n\n\n<div class=\"wp-block-uagb-container uagb-layout-grid uagb-block-71f7405a alignfull uagb-is-root-container\"><div class=\"uagb-container-inner-blocks-wrap\">\n<div class=\"wp-block-uagb-advanced-heading uagb-block-e669451d\"><h2 class=\"uagb-heading-text\">Weil eine gute Basis den Unterschied macht<\/h2><\/div>\n\n\n\n<div class=\"wp-block-uagb-info-box uagb-block-0e5f7db4 uagb-infobox__content-wrap  uagb-infobox-icon-above-title uagb-infobox-image-valign-top\"><div class=\"uagb-ifb-content\"><div class=\"uagb-ifb-title-wrap\"><\/div><p class=\"uagb-ifb-desc\">Eine gute Grundlage im Training schenkt dir Sicherheit, Klarheit und echte Verbindung mit deinem Pferd.<br>Du lernst, wie du mit feiner K\u00f6rpersprache kommunizierst, dein Pferd gesunderhaltend gymnastizierst und dabei dein eigenes K\u00f6rpergef\u00fchl schulst \u2013 vom Boden bis in den Sattel.<br>Hier bekommst du das Wissen und die Begleitung, um mit deinem Pferd gemeinsam zu wachsen.<br><\/p><\/div><\/div>\n<\/div><\/div>\n\n\n\n<div class=\"wp-block-uagb-container uagb-block-737cf484 alignfull uagb-is-root-container\"><div class=\"uagb-container-inner-blocks-wrap\">\n<div class=\"wp-block-uagb-info-box uagb-block-a1136e67 uagb-infobox__content-wrap  uagb-infobox-icon-above-title uagb-infobox-image-valign-top\"><div class=\"uagb-ifb-content\"><div class=\"uagb-ifb-title-wrap\"><h2 class=\"uagb-ifb-title\">kompetent &#8211; individuell &#8211; pferdegerecht<\/h2><\/div><p class=\"uagb-ifb-desc\"><strong><em>Du w\u00fcnschst dir ein ganzheitliches Training, das sowohl dein Pferd als auch dich im Blick hat &#8211; mit klarer Kommunikation und individueller Betreuung?<\/em><\/strong><\/p><div class=\"uagb-ifb-button-wrapper wp-block-button\"><a href=\"https:\/\/horseducation.com\/de\/contact\/\" class=\"uagb-infobox-cta-link wp-block-button__link\" target=\"_self\" rel=\"noopener noreferrer\" onclick=\"return true;\"><span class=\"uagb-inline-editing\">jetzt Kontakt aufnehmen<\/span><\/a><\/div><\/div><\/div>\n<\/div><\/div>\n\n\n\n<div class=\"wp-block-uagb-testimonial uagb-slick-carousel uagb-tm__arrow-outside uagb-block-7d2a8659\"><div class=\"is-carousel uagb-tm__columns-1 uagb-tm__items\"><div class=\"uagb-testimonial__wrap  uagb-tm__imgicon-style-circle uagb-tm__image-position-bottom uagb-tm__bg-type-none \"><div class=\"uagb-tm__content\"><div class=\"uagb-tm__overlay\"><\/div><div class=\"uagb-tm__text-wrap\"><div class=\"uagb-tm__desc\"><em>&#8222;Bonnie ist sympathisch, gibt ihr Fachwissen weiter, kann toll erkl\u00e4ren und geht individuell auf die Teams ein. Sie hat uns super abgeholt an unserem Ausbildungsstand, insbesondere unsere Tochter, die 8 Jahre alt ist. Es macht Freude von Bonnie unterrichtet zu werden, wir sind in den zwei Tagen einen Riesenschritt voran gekommen.&#8220;<\/em><\/div><div class=\"uagb-tm__meta-inner\"><div class=\"uagb-testimonial-details\"><span class=\"uagb-tm__author-name\">Laura J.<\/span><span class=\"uagb-tm__company\">\u2b50\ufe0f\u2b50\ufe0f\u2b50\ufe0f\u2b50\ufe0f\u2b50\ufe0f<\/span><\/div><\/div><\/div><\/div><\/div><div class=\"uagb-testimonial__wrap  uagb-tm__imgicon-style-circle uagb-tm__image-position-bottom uagb-tm__bg-type-none \"><div class=\"uagb-tm__content\"><div class=\"uagb-tm__overlay\"><\/div><div class=\"uagb-tm__text-wrap\"><div class=\"uagb-tm__desc\"><em>&#8222;Bonnies Training ist individuell f\u00fcr jedes Paar, ob Jungpferd oder alter Hase. Ob im Sattel oder am Boden. Die Ausbildung f\u00fcr Pferd und Reiter ist fair, r\u00fccksichts- und verst\u00e4ndnisvoll. Die Fachkompetenz verdient 5 Sterne \ud83c\udf1f \ud83c\udf1f \ud83c\udf1f \ud83c\udf1f \ud83c\udf1f Der Unterschied zu anderen Trainern ist, dass das Training direkt, verst\u00e4ndlich, freundlich und immer bei der Sache verl\u00e4uft. Spezialrassen sind willkommen.&#8220; <\/em><\/div><div class=\"uagb-tm__meta-inner\"><div class=\"uagb-testimonial-details\"><span class=\"uagb-tm__author-name\">Tanja Heise<\/span><span class=\"uagb-tm__company\">\u2b50\ufe0f\u2b50\ufe0f\u2b50\ufe0f\u2b50\ufe0f\u2b50\ufe0f<\/span><\/div><\/div><\/div><\/div><\/div><div class=\"uagb-testimonial__wrap  uagb-tm__imgicon-style-circle uagb-tm__image-position-bottom uagb-tm__bg-type-none \"><div class=\"uagb-tm__content\"><div class=\"uagb-tm__overlay\"><\/div><div class=\"uagb-tm__text-wrap\"><div class=\"uagb-tm__desc\"><em>&#8222;Das Training mit Bonnie ist immer sehr informativ und macht mir immer sehr viel Spa\u00df. Sie ist in der Lage auf jede Person einzugehen und hat f\u00fcr die unterschiedlichen Probleme verschiedene Strategien, damit sie f\u00fcr jeden eine L\u00f6sung findet. Man macht sichtbar schnelle Fortschritte, nicht nur als Reiter, sondern auch das Pferd. Vielen Dank f\u00fcr die tollen Reit- und Bodenarbeitsstunden und die tollen Kurse!&#8220;<\/em><\/div><div class=\"uagb-tm__meta-inner\"><div class=\"uagb-testimonial-details\"><span class=\"uagb-tm__author-name\">Vanessa Schultz<\/span><span class=\"uagb-tm__company\">\u2b50\ufe0f\u2b50\ufe0f\u2b50\ufe0f\u2b50\ufe0f\u2b50\ufe0f<\/span><\/div><\/div><\/div><\/div><\/div><div class=\"uagb-testimonial__wrap  uagb-tm__imgicon-style-circle uagb-tm__image-position-bottom uagb-tm__bg-type-none \"><div class=\"uagb-tm__content\"><div class=\"uagb-tm__overlay\"><\/div><div class=\"uagb-tm__text-wrap\"><div class=\"uagb-tm__desc\">&#8222;Bonnies Training und ihre Ans\u00e4tze sind super und alles ist absolut nachvollziehbar, mit einem roten Faden, an dem man sich orientieren kann. Smarty f\u00fchlt sich, seit wir mit Bonnie arbeiten, sichtlich wohler und ist deutlich kooperativer bei der Arbeit. Unsere urspr\u00fcnglichen Probleme, die mich manchmal fast zur Verzweiflung gebracht haben, sind weitgehend abgestellt und ich f\u00fchle mich deutlich sicherer in Situationen, die vielleicht doch mal ein wenig aus dem Ruder laufen.&#8220;<\/div><div class=\"uagb-tm__meta-inner\"><div class=\"uagb-testimonial-details\"><span class=\"uagb-tm__author-name\">Pamela Ehlmann<\/span><span class=\"uagb-tm__company\">\u2b50\ufe0f\u2b50\ufe0f\u2b50\ufe0f\u2b50\ufe0f\u2b50\ufe0f<\/span><\/div><\/div><\/div><\/div><\/div><\/div><\/div>\n\n\n\n<div class=\"wp-block-uagb-container uagb-block-4eb0a9d7 alignfull uagb-is-root-container\"><div class=\"uagb-container-inner-blocks-wrap\">\t\t\t\t\t<div\n\t\t\t\t\t\tclass=\"wp-block-uagb-image-gallery uagb-block-baeaabae     \"\n\t\t\t\t\t\tstyle=\"\"\n\t\t\t\t\t>\n\t\t\t\t\t\t\t\t\t\t\t<div class=\"spectra-image-gallery spectra-image-gallery__layout--masonry spectra-image-gallery__layout--masonry-col-3 spectra-image-gallery__layout--masonry-col-tab-3 spectra-image-gallery__layout--masonry-col-mob-1\">\n\t\t\t\t\t\t\t\t\t\t\t<div class='spectra-image-gallery__media-wrapper--isotope'>\n\t\t\t\t\t\t\t<div class='spectra-image-gallery__media-wrapper' data-spectra-gallery-image-id='1706' tabindex=\"0\">\n\t\t\t\t\t\t\t<div class=\"spectra-image-gallery__media spectra-image-gallery__media--masonry\">\n\t\t\t\t<picture>\n\t\t\t\t\t<source media=\"(min-width: 1024px)\" srcset=\"https:\/\/horseducation.com\/de\/wp-content\/uploads\/2025\/04\/IMG_0982.jpeg\">\n\t\t\t\t\t<source media=\"(min-width: 768px)\" srcset=\"https:\/\/horseducation.com\/de\/wp-content\/uploads\/2025\/04\/IMG_0982.jpeg\">\n\t\t\t\t\t<img decoding=\"async\" class=\"spectra-image-gallery__media-thumbnail spectra-image-gallery__media-thumbnail--masonry\" src=\"https:\/\/horseducation.com\/de\/wp-content\/uploads\/2025\/04\/IMG_0982.jpeg\" alt=\"\" loading=\"lazy\" \/>\n\t\t\t\t<\/picture>\n\t\t\t\t<div class=\"spectra-image-gallery__media-thumbnail-blurrer\"><\/div>\n\t\t\t\t\t\t\t\t\t\t\t<div class=\"spectra-image-gallery__media-thumbnail-caption-wrapper spectra-image-gallery__media-thumbnail-caption-wrapper--overlay\"><\/div>\n\t\t\t\t\t\t\t\t<\/div>\n\t\t\t\t\t\t<\/div>\n\t\t\t\t\t\t<\/div>\n\t\t\t\t\t\t<div class='spectra-image-gallery__media-wrapper--isotope'>\n\t\t\t\t\t\t\t<div class='spectra-image-gallery__media-wrapper' data-spectra-gallery-image-id='1969' tabindex=\"0\">\n\t\t\t\t\t\t\t<div class=\"spectra-image-gallery__media spectra-image-gallery__media--masonry\">\n\t\t\t\t<picture>\n\t\t\t\t\t<source media=\"(min-width: 1024px)\" srcset=\"https:\/\/horseducation.com\/de\/wp-content\/uploads\/2025\/08\/Q48A4946-1-scaled.jpg\">\n\t\t\t\t\t<source media=\"(min-width: 768px)\" srcset=\"https:\/\/horseducation.com\/de\/wp-content\/uploads\/2025\/08\/Q48A4946-1-1024x768.jpg\">\n\t\t\t\t\t<img decoding=\"async\" class=\"spectra-image-gallery__media-thumbnail spectra-image-gallery__media-thumbnail--masonry\" src=\"https:\/\/horseducation.com\/de\/wp-content\/uploads\/2025\/08\/Q48A4946-1-scaled.jpg\" alt=\"\" loading=\"lazy\" \/>\n\t\t\t\t<\/picture>\n\t\t\t\t<div class=\"spectra-image-gallery__media-thumbnail-blurrer\"><\/div>\n\t\t\t\t\t\t\t\t\t\t\t<div class=\"spectra-image-gallery__media-thumbnail-caption-wrapper spectra-image-gallery__media-thumbnail-caption-wrapper--overlay\"><\/div>\n\t\t\t\t\t\t\t\t<\/div>\n\t\t\t\t\t\t<\/div>\n\t\t\t\t\t\t<\/div>\n\t\t\t\t\t\t<div class='spectra-image-gallery__media-wrapper--isotope'>\n\t\t\t\t\t\t\t<div class='spectra-image-gallery__media-wrapper' data-spectra-gallery-image-id='1596' tabindex=\"0\">\n\t\t\t\t\t\t\t<div class=\"spectra-image-gallery__media spectra-image-gallery__media--masonry\">\n\t\t\t\t<picture>\n\t\t\t\t\t<source media=\"(min-width: 1024px)\" srcset=\"https:\/\/horseducation.com\/de\/wp-content\/uploads\/2025\/04\/MG_0301-Bearbeitet-Kopie-scaled.jpg\">\n\t\t\t\t\t<source media=\"(min-width: 768px)\" srcset=\"https:\/\/horseducation.com\/de\/wp-content\/uploads\/2025\/04\/MG_0301-Bearbeitet-Kopie-1024x683.jpg\">\n\t\t\t\t\t<img decoding=\"async\" class=\"spectra-image-gallery__media-thumbnail spectra-image-gallery__media-thumbnail--masonry\" src=\"https:\/\/horseducation.com\/de\/wp-content\/uploads\/2025\/04\/MG_0301-Bearbeitet-Kopie-scaled.jpg\" alt=\"\" loading=\"lazy\" \/>\n\t\t\t\t<\/picture>\n\t\t\t\t<div class=\"spectra-image-gallery__media-thumbnail-blurrer\"><\/div>\n\t\t\t\t\t\t\t\t\t\t\t<div class=\"spectra-image-gallery__media-thumbnail-caption-wrapper spectra-image-gallery__media-thumbnail-caption-wrapper--overlay\"><\/div>\n\t\t\t\t\t\t\t\t<\/div>\n\t\t\t\t\t\t<\/div>\n\t\t\t\t\t\t<\/div>\n\t\t\t\t\t\t<div class='spectra-image-gallery__media-wrapper--isotope'>\n\t\t\t\t\t\t\t<div class='spectra-image-gallery__media-wrapper' data-spectra-gallery-image-id='1593' tabindex=\"0\">\n\t\t\t\t\t\t\t<div class=\"spectra-image-gallery__media spectra-image-gallery__media--masonry\">\n\t\t\t\t<picture>\n\t\t\t\t\t<source media=\"(min-width: 1024px)\" srcset=\"https:\/\/horseducation.com\/de\/wp-content\/uploads\/2025\/04\/MG_0678-Bearbeitet-Kopie-scaled.jpg\">\n\t\t\t\t\t<source media=\"(min-width: 768px)\" srcset=\"https:\/\/horseducation.com\/de\/wp-content\/uploads\/2025\/04\/MG_0678-Bearbeitet-Kopie-1024x683.jpg\">\n\t\t\t\t\t<img decoding=\"async\" class=\"spectra-image-gallery__media-thumbnail spectra-image-gallery__media-thumbnail--masonry\" src=\"https:\/\/horseducation.com\/de\/wp-content\/uploads\/2025\/04\/MG_0678-Bearbeitet-Kopie-scaled.jpg\" alt=\"\" loading=\"lazy\" \/>\n\t\t\t\t<\/picture>\n\t\t\t\t<div class=\"spectra-image-gallery__media-thumbnail-blurrer\"><\/div>\n\t\t\t\t\t\t\t\t\t\t\t<div class=\"spectra-image-gallery__media-thumbnail-caption-wrapper spectra-image-gallery__media-thumbnail-caption-wrapper--overlay\"><\/div>\n\t\t\t\t\t\t\t\t<\/div>\n\t\t\t\t\t\t<\/div>\n\t\t\t\t\t\t<\/div>\n\t\t\t\t\t\t<div class='spectra-image-gallery__media-wrapper--isotope'>\n\t\t\t\t\t\t\t<div class='spectra-image-gallery__media-wrapper' data-spectra-gallery-image-id='1607' tabindex=\"0\">\n\t\t\t\t\t\t\t<div class=\"spectra-image-gallery__media spectra-image-gallery__media--masonry\">\n\t\t\t\t<picture>\n\t\t\t\t\t<source media=\"(min-width: 1024px)\" srcset=\"https:\/\/horseducation.com\/de\/wp-content\/uploads\/2025\/04\/Q48A4207-scaled.jpg\">\n\t\t\t\t\t<source media=\"(min-width: 768px)\" srcset=\"https:\/\/horseducation.com\/de\/wp-content\/uploads\/2025\/04\/Q48A4207-1024x768.jpg\">\n\t\t\t\t\t<img decoding=\"async\" class=\"spectra-image-gallery__media-thumbnail spectra-image-gallery__media-thumbnail--masonry\" src=\"https:\/\/horseducation.com\/de\/wp-content\/uploads\/2025\/04\/Q48A4207-scaled.jpg\" alt=\"\" loading=\"lazy\" \/>\n\t\t\t\t<\/picture>\n\t\t\t\t<div class=\"spectra-image-gallery__media-thumbnail-blurrer\"><\/div>\n\t\t\t\t\t\t\t\t\t\t\t<div class=\"spectra-image-gallery__media-thumbnail-caption-wrapper spectra-image-gallery__media-thumbnail-caption-wrapper--overlay\"><\/div>\n\t\t\t\t\t\t\t\t<\/div>\n\t\t\t\t\t\t<\/div>\n\t\t\t\t\t\t<\/div>\n\t\t\t\t\t\t<div class='spectra-image-gallery__media-wrapper--isotope'>\n\t\t\t\t\t\t\t<div class='spectra-image-gallery__media-wrapper' data-spectra-gallery-image-id='1654' tabindex=\"0\">\n\t\t\t\t\t\t\t<div class=\"spectra-image-gallery__media spectra-image-gallery__media--masonry\">\n\t\t\t\t<picture>\n\t\t\t\t\t<source media=\"(min-width: 1024px)\" srcset=\"https:\/\/horseducation.com\/de\/wp-content\/uploads\/2025\/04\/DSC_0962-scaled.jpg\">\n\t\t\t\t\t<source media=\"(min-width: 768px)\" srcset=\"https:\/\/horseducation.com\/de\/wp-content\/uploads\/2025\/04\/DSC_0962-1024x683.jpg\">\n\t\t\t\t\t<img decoding=\"async\" class=\"spectra-image-gallery__media-thumbnail spectra-image-gallery__media-thumbnail--masonry\" src=\"https:\/\/horseducation.com\/de\/wp-content\/uploads\/2025\/04\/DSC_0962-scaled.jpg\" alt=\"\" loading=\"lazy\" \/>\n\t\t\t\t<\/picture>\n\t\t\t\t<div class=\"spectra-image-gallery__media-thumbnail-blurrer\"><\/div>\n\t\t\t\t\t\t\t\t\t\t\t<div class=\"spectra-image-gallery__media-thumbnail-caption-wrapper spectra-image-gallery__media-thumbnail-caption-wrapper--overlay\"><\/div>\n\t\t\t\t\t\t\t\t<\/div>\n\t\t\t\t\t\t<\/div>\n\t\t\t\t\t\t<\/div>\n\t\t\t\t\t\t\t\t\t\t<\/div>\n\t\t\t\t\t\t\t\t\t\t\t\t\t\t\t\t\t\t<\/div>\n\t\t\t\t\t\t\t\t\t<\/div><\/div>\n","protected":false},"excerpt":{"rendered":"<p>Sitz &amp; Balance Training f\u00fcr Reiter K\u00f6rperbewusste Bodenarbeit Zirkuslektionen Beritt &amp; Jungpferdetraining Effektive Longenarbeit Sicheres Verladen Weil eine gute Basis den Unterschied macht<\/p>\n","protected":false},"author":1,"featured_media":0,"parent":0,"menu_order":0,"comment_status":"closed","ping_status":"closed","template":"","meta":{"_uag_custom_page_level_css":"","site-sidebar-layout":"no-sidebar","site-content-layout":"plain-container","ast-site-content-layout":"full-width-container","site-content-style":"unboxed","site-sidebar-style":"unboxed","ast-global-header-display":"","ast-banner-title-visibility":"","ast-main-header-display":"","ast-hfb-above-header-display":"","ast-hfb-below-header-display":"","ast-hfb-mobile-header-display":"","site-post-title":"disabled","ast-breadcrumbs-content":"","ast-featured-img":"disabled","footer-sml-layout":"","theme-transparent-header-meta":"enabled","adv-header-id-meta":"","stick-header-meta":"","header-above-stick-meta":"","header-main-stick-meta":"","header-below-stick-meta":"","astra-migrate-meta-layouts":"set","ast-page-background-enabled":"default","ast-page-background-meta":{"desktop":{"background-color":"","background-image":"","background-repeat":"repeat","background-position":"center center","background-size":"auto","background-attachment":"scroll","background-type":"","background-media":"","overlay-type":"","overlay-color":"","overlay-opacity":"","overlay-gradient":""},"tablet":{"background-color":"","background-image":"","background-repeat":"repeat","background-position":"center center","background-size":"auto","background-attachment":"scroll","background-type":"","background-media":"","overlay-type":"","overlay-color":"","overlay-opacity":"","overlay-gradient":""},"mobile":{"background-color":"","background-image":"","background-repeat":"repeat","background-position":"center center","background-size":"auto","background-attachment":"scroll","background-type":"","background-media":"","overlay-type":"","overlay-color":"","overlay-opacity":"","overlay-gradient":""}},"ast-content-background-meta":{"desktop":{"background-color":"var(--ast-global-color-5)","background-image":"","background-repeat":"repeat","background-position":"center center","background-size":"auto","background-attachment":"scroll","background-type":"","background-media":"","overlay-type":"","overlay-color":"","overlay-opacity":"","overlay-gradient":""},"tablet":{"background-color":"var(--ast-global-color-5)","background-image":"","background-repeat":"repeat","background-position":"center center","background-size":"auto","background-attachment":"scroll","background-type":"","background-media":"","overlay-type":"","overlay-color":"","overlay-opacity":"","overlay-gradient":""},"mobile":{"background-color":"var(--ast-global-color-5)","background-image":"","background-repeat":"repeat","background-position":"center center","background-size":"auto","background-attachment":"scroll","background-type":"","background-media":"","overlay-type":"","overlay-color":"","overlay-opacity":"","overlay-gradient":""}},"footnotes":""},"class_list":["post-217","page","type-page","status-publish","hentry"],"uagb_featured_image_src":{"full":false,"thumbnail":false,"medium":false,"medium_large":false,"large":false,"1536x1536":false,"2048x2048":false},"uagb_author_info":{"display_name":"boki","author_link":"https:\/\/horseducation.com\/de\/author\/boki\/"},"uagb_comment_info":0,"uagb_excerpt":"Sitz &amp; Balance Training f\u00fcr Reiter K\u00f6rperbewusste Bodenarbeit Zirkuslektionen Beritt &amp; Jungpferdetraining Effektive Longenarbeit Sicheres Verladen Weil eine gute Basis den Unterschied macht","_links":{"self":[{"href":"https:\/\/horseducation.com\/de\/wp-json\/wp\/v2\/pages\/217","targetHints":{"allow":["GET"]}}],"collection":[{"href":"https:\/\/horseducation.com\/de\/wp-json\/wp\/v2\/pages"}],"about":[{"href":"https:\/\/horseducation.com\/de\/wp-json\/wp\/v2\/types\/page"}],"author":[{"embeddable":true,"href":"https:\/\/horseducation.com\/de\/wp-json\/wp\/v2\/users\/1"}],"replies":[{"embeddable":true,"href":"https:\/\/horseducation.com\/de\/wp-json\/wp\/v2\/comments?post=217"}],"version-history":[{"count":123,"href":"https:\/\/horseducation.com\/de\/wp-json\/wp\/v2\/pages\/217\/revisions"}],"predecessor-version":[{"id":2079,"href":"https:\/\/horseducation.com\/de\/wp-json\/wp\/v2\/pages\/217\/revisions\/2079"}],"wp:attachment":[{"href":"https:\/\/horseducation.com\/de\/wp-json\/wp\/v2\/media?parent=217"}],"curies":[{"name":"wp","href":"https:\/\/api.w.org\/{rel}","templated":true}]}}