{"id":2147,"date":"2026-02-09T00:11:25","date_gmt":"2026-02-08T23:11:25","guid":{"rendered":"https:\/\/horseducation.com\/de\/?page_id=2147"},"modified":"2026-04-03T23:31:13","modified_gmt":"2026-04-03T21:31:13","slug":"webinar","status":"publish","type":"page","link":"https:\/\/horseducation.com\/de\/webinar\/","title":{"rendered":"Webinar"},"content":{"rendered":"\n<div class=\"wp-block-uagb-container uagb-block-08b4nyfa alignfull uagb-is-root-container\"><div class=\"uagb-container-inner-blocks-wrap\">\n<div class=\"wp-block-uagb-container uagb-block-2zscfdjk\">\n<div class=\"wp-block-uagb-info-box uagb-block-2d92jrik uagb-infobox__content-wrap  uagb-infobox-icon-above-title uagb-infobox-image-valign-top\"><div class=\"uagb-ifb-content\"><div class=\"uagb-ifb-title-wrap\"><p class=\"uagb-ifb-title-prefix\">23.04.26, 19.00 Uhr<\/p><h1 class=\"uagb-ifb-title\">Zirkuslektionen verstehen<\/h1><\/div><p class=\"uagb-ifb-desc\">Zirkuslektionen werden oft bel\u00e4chelt, ohne wirklich verstanden zu werden.<br>In diesem Webinar bekommst du einen klaren \u00dcberblick \u00fcber Aufbau, Zusammenh\u00e4nge und typische Fehler.<br><strong>                  24,99 \u20ac<br><\/strong><\/p><\/div><\/div>\n\n\n\n<div class=\"wp-block-uagb-buttons uagb-buttons__outer-wrap uagb-btn__default-btn uagb-btn-tablet__default-btn uagb-btn-mobile__default-btn uagb-block-c477031f\"><div class=\"uagb-buttons__wrap uagb-buttons-layout-wrap \">\n<div class=\"wp-block-uagb-buttons-child uagb-buttons__outer-wrap uagb-block-0c7ddf30 wp-block-button\"><div class=\"uagb-button__wrapper\"><a class=\"uagb-buttons-repeater wp-block-button__link\" aria-label=\"\" href=\"https:\/\/www.checkout-ds24.com\/product\/680485\" rel=\"follow noopener\" target=\"_self\" role=\"button\"><div class=\"uagb-button__link\">Hier anmelden<\/div><\/a><\/div><\/div>\n<\/div><\/div>\n<\/div>\n\n\n\n<div class=\"wp-block-uagb-image alignleft uagb-block-321uv3xk wp-block-uagb-image--layout-default wp-block-uagb-image--effect-static wp-block-uagb-image--align-left\"><figure class=\"wp-block-uagb-image__figure\"><img decoding=\"async\" srcset=\"https:\/\/horseducation.com\/de\/wp-content\/uploads\/2026\/04\/Q48A4516-1024x768.jpg ,https:\/\/horseducation.com\/de\/wp-content\/uploads\/2026\/04\/Q48A4516-scaled.jpg 780w, https:\/\/horseducation.com\/de\/wp-content\/uploads\/2026\/04\/Q48A4516-scaled.jpg 360w\" sizes=\"auto, (max-width: 480px) 150px\" src=\"https:\/\/horseducation.com\/de\/wp-content\/uploads\/2026\/04\/Q48A4516-1024x768.jpg\" alt=\"\" class=\"uag-image-2215\" width=\"564\" height=\"450\" title=\"Q48A4516\" loading=\"lazy\" role=\"img\"\/><\/figure><\/div>\n<\/div><\/div>\n\n\n\n<div class=\"wp-block-uagb-info-box uagb-block-21025d18 uagb-infobox__content-wrap  uagb-infobox-icon-above-title uagb-infobox-image-valign-top\"><div class=\"uagb-ifb-content\"><div class=\"uagb-ifb-title-wrap\"><h3 class=\"uagb-ifb-title\">Worum es bei Zirkuslektionen wirklich geht<\/h3><\/div><div class=\"uagb-ifb-separator\"><\/div><p class=\"uagb-ifb-desc\">Du m\u00f6chtest Zirkuslektionen nicht einfach nur nachmachen, sondern wirklich verstehen?<br>Zirkuslektionen werden h\u00e4ufig nicht ernst genommen, dabei haben sie einen <strong>gro\u00dfen gymnastischen Effekt<\/strong>, <strong>verbessern <\/strong>die <strong>Beziehung zu deinem Pferd<\/strong> und <strong>bringen<\/strong> <strong>Abwechslung ins Training.<\/strong><br><br>Doch viele schauen sich im Internet einzelne Videos an und versuchen anhand von einzelnen Anleitungen oder Videos erarbeitet. <strong>Dabei fehlt oft der Zusammenhang<\/strong>. \u00dcbungen werden isoliert gezeigt, ohne die n\u00f6tigen Voraussetzungen, den sinnvollen Aufbau oder das Timing zu erkl\u00e4ren. Das kann dazu f\u00fchren, dass Lektionen missverstanden, unsauber aufgebaut oder im ung\u00fcnstigsten Fall sogar auf Kosten des Pferdes erarbeitet werden.<br><br>In <strong>diesem Webinar<\/strong> erkl\u00e4re ich dir deshalb, welchen <strong>Wert<\/strong> einzelne Zirkuslektionen wirklich haben. Au\u00dferdem bekommst du einen <strong>klaren \u00dcberblick<\/strong> dar\u00fcber, wie Zirkuslektionen <strong>sinnvoll aufgebaut <\/strong>werden, welche <strong>k\u00f6rperlichen und mentalen Voraussetzungen <\/strong>wichtig sind und woran du erkennst, ob eine Lektion <strong>korrekt ausgef\u00fchrt<\/strong> ist.<\/p><\/div><\/div>\n\n\n\n<div class=\"wp-block-uagb-container uagb-block-5ctouje9 alignfull uagb-is-root-container\"><div class=\"uagb-container-inner-blocks-wrap\">\n<div class=\"wp-block-uagb-info-box uagb-block-e1zxzxfx uagb-infobox__content-wrap  uagb-infobox-icon-above-title uagb-infobox-image-valign-top wp-block-uagb-info-box--has-margin\"><div class=\"uagb-infobox-margin-wrapper\"><div class=\"uagb-ifb-content\"><div class=\"uagb-ifb-title-wrap\"><h2 class=\"uagb-ifb-title\">In diesem Webinar erf\u00e4hrst du&#8230;<\/h2><\/div><\/div><\/div><\/div>\n\n\n\n<div class=\"wp-block-uagb-container uagb-block-6x578n77\">\n<div class=\"wp-block-uagb-container uagb-block-cukj2mnm\">\n<div class=\"wp-block-uagb-info-box uagb-block-igw490zp uagb-infobox__content-wrap  uagb-infobox-icon-above-title uagb-infobox-image-valign-top\"><div class=\"uagb-ifb-content\"><div class=\"uagb-ifb-icon-wrap\"><svg xmlns=\"https:\/\/www.w3.org\/2000\/svg\" viewBox=\"0 0 448 512\"><path d=\"M438.6 105.4C451.1 117.9 451.1 138.1 438.6 150.6L182.6 406.6C170.1 419.1 149.9 419.1 137.4 406.6L9.372 278.6C-3.124 266.1-3.124 245.9 9.372 233.4C21.87 220.9 42.13 220.9 54.63 233.4L159.1 338.7L393.4 105.4C405.9 92.88 426.1 92.88 438.6 105.4H438.6z\"><\/path><\/svg><\/div><div class=\"uagb-ifb-title-wrap\"><h3 class=\"uagb-ifb-title\"><div class=\"uagb-ifb-title-wrap\" style=\"width: 200.859375px; caret-color: rgb(69, 79, 94); color: rgb(69, 79, 94); font-size: 16px; font-weight: 400; text-transform: none; white-space: normal;\"><span role=\"textbox\" aria-multiline=\"true\" aria-readonly=\"false\" class=\"block-editor-rich-text__editable uagb-ifb-title rich-text\" aria-label=\"Write a Title\" style=\"display: block; font-weight: 600; font-size: 1.375rem; line-height: 1.3em; clear: both; text-transform: lowercase; white-space: pre-wrap; min-width: 1px;\"><\/span>&#8230;welche k\u00f6rperlichen und mentalen Voraussetzungen f\u00fcr einzelne Zirkuslektionen wichtig sind<\/div><\/h3><\/div><\/div><\/div>\n<\/div>\n\n\n\n<div class=\"wp-block-uagb-container uagb-block-hnsalvsh\">\n<div class=\"wp-block-uagb-info-box uagb-block-58bedb9d uagb-infobox__content-wrap  uagb-infobox-icon-above-title uagb-infobox-image-valign-top\"><div class=\"uagb-ifb-content\"><div class=\"uagb-ifb-icon-wrap\"><svg xmlns=\"https:\/\/www.w3.org\/2000\/svg\" viewBox=\"0 0 448 512\"><path d=\"M438.6 105.4C451.1 117.9 451.1 138.1 438.6 150.6L182.6 406.6C170.1 419.1 149.9 419.1 137.4 406.6L9.372 278.6C-3.124 266.1-3.124 245.9 9.372 233.4C21.87 220.9 42.13 220.9 54.63 233.4L159.1 338.7L393.4 105.4C405.9 92.88 426.1 92.88 438.6 105.4H438.6z\"><\/path><\/svg><\/div><div class=\"uagb-ifb-title-wrap\"><h3 class=\"uagb-ifb-title\"><div class=\"uagb-ifb-title-wrap\" style=\"width: 200.859375px; caret-color: rgb(69, 79, 94); color: rgb(69, 79, 94); font-size: 16px; font-weight: 400; text-transform: none; white-space: normal;\"><span role=\"textbox\" aria-multiline=\"true\" aria-readonly=\"false\" class=\"block-editor-rich-text__editable uagb-ifb-title rich-text\" aria-label=\"Write a Title\" style=\"display: block; font-weight: 600; font-size: 1.375rem; line-height: 1.3em; clear: both; text-transform: lowercase; white-space: pre-wrap; min-width: 1px;\"><\/span><\/div><\/h3><\/div><p class=\"uagb-ifb-desc\">&#8230;wie die Lektionen sinnvoll aufgebaut sind, ohne das Pferd zu \u00fcberfordern<\/p><\/div><\/div>\n<\/div>\n\n\n\n<div class=\"wp-block-uagb-container uagb-block-zjrjp0n7\">\n<div class=\"wp-block-uagb-info-box uagb-block-89c5ab08 uagb-infobox__content-wrap  uagb-infobox-icon-above-title uagb-infobox-image-valign-top\"><div class=\"uagb-ifb-content\"><div class=\"uagb-ifb-icon-wrap\"><svg xmlns=\"https:\/\/www.w3.org\/2000\/svg\" viewBox=\"0 0 448 512\"><path d=\"M438.6 105.4C451.1 117.9 451.1 138.1 438.6 150.6L182.6 406.6C170.1 419.1 149.9 419.1 137.4 406.6L9.372 278.6C-3.124 266.1-3.124 245.9 9.372 233.4C21.87 220.9 42.13 220.9 54.63 233.4L159.1 338.7L393.4 105.4C405.9 92.88 426.1 92.88 438.6 105.4H438.6z\"><\/path><\/svg><\/div><div class=\"uagb-ifb-title-wrap\"><h3 class=\"uagb-ifb-title\"><div class=\"uagb-ifb-title-wrap\" style=\"width: 200.859375px; caret-color: rgb(69, 79, 94); color: rgb(69, 79, 94); font-size: 16px; font-weight: 400; text-transform: none; white-space: normal;\"><span role=\"textbox\" aria-multiline=\"true\" aria-readonly=\"false\" class=\"block-editor-rich-text__editable uagb-ifb-title rich-text\" aria-label=\"Write a Title\" style=\"display: block; font-weight: 600; font-size: 1.375rem; line-height: 1.3em; clear: both; text-transform: lowercase; white-space: pre-wrap; min-width: 1px;\"><\/span><\/div><\/h3><\/div><p class=\"uagb-ifb-desc\">&#8230;welche Fehler h\u00e4ufig gemacht werden und wie die Lektionen korrekt ausgef\u00fchrt sind<\/p><\/div><\/div>\n<\/div>\n<\/div>\n<\/div><\/div>\n\n\n\n<div class=\"wp-block-uagb-container uagb-block-w79yvkps alignfull uagb-is-root-container\"><div class=\"uagb-container-inner-blocks-wrap\">\n<div class=\"wp-block-uagb-image alignleft uagb-block-b7if0t8c wp-block-uagb-image--layout-default wp-block-uagb-image--effect-static wp-block-uagb-image--align-left\"><figure class=\"wp-block-uagb-image__figure\"><img decoding=\"async\" srcset=\"https:\/\/horseducation.com\/de\/wp-content\/uploads\/2026\/04\/MG_0422-Bearbeitet-Kopie-1-683x1024.jpg ,https:\/\/horseducation.com\/de\/wp-content\/uploads\/2026\/04\/MG_0422-Bearbeitet-Kopie-1-scaled.jpg 780w, https:\/\/horseducation.com\/de\/wp-content\/uploads\/2026\/04\/MG_0422-Bearbeitet-Kopie-1-scaled.jpg 360w\" sizes=\"auto, (max-width: 480px) 150px\" src=\"https:\/\/horseducation.com\/de\/wp-content\/uploads\/2026\/04\/MG_0422-Bearbeitet-Kopie-1-683x1024.jpg\" alt=\"\" class=\"uag-image-2226\" width=\"564\" height=\"423\" title=\"_MG_0422-Bearbeitet Kopie\" loading=\"lazy\" role=\"img\"\/><\/figure><\/div>\n\n\n\n<div class=\"wp-block-uagb-container uagb-block-go0blwag\">\n<div class=\"wp-block-uagb-info-box uagb-block-xlpdtnht uagb-infobox__content-wrap  uagb-infobox-icon-above-title uagb-infobox-image-valign-top\"><div class=\"uagb-ifb-content\"><div class=\"uagb-ifb-title-wrap\"><p class=\"uagb-ifb-title-prefix\">\u00dcber mich<\/p><h2 class=\"uagb-ifb-title\">Hey, ich bin Bonnie!<\/h2><\/div><p class=\"uagb-ifb-desc\"><strong>Ich bin zertifizierte Pferdetrainerin und Expertin f\u00fcr gesundes Pferdetraining und klare Kommunikation &#8211; vom Boden bis in den Sattel.<br><\/strong><br>Ich verbinde didaktisches Wissen aus dem Unterricht mit praktischer Erfahrung im Pferdetraining. Mein Fokus liegt darauf, Zusammenh\u00e4nge verst\u00e4ndlich zu machen und Freizeitreitern eine klare Orientierung in der Bodenarbeit und im Sattel zu geben.<\/p><\/div><\/div>\n\n\n\n<div class=\"wp-block-uagb-buttons uagb-buttons__outer-wrap uagb-btn__default-btn uagb-btn-tablet__default-btn uagb-btn-mobile__default-btn uagb-block-d3e80585\"><div class=\"uagb-buttons__wrap uagb-buttons-layout-wrap \">\n<div class=\"wp-block-uagb-buttons-child uagb-buttons__outer-wrap uagb-block-2da9c73b wp-block-button\"><div class=\"uagb-button__wrapper\"><a class=\"uagb-buttons-repeater wp-block-button__link\" aria-label=\"\" href=\"https:\/\/horseducation.com\/de\/about\/\" rel=\"follow noopener\" target=\"_self\" role=\"button\"><div class=\"uagb-button__link\">Erfahre mehr<\/div><\/a><\/div><\/div>\n<\/div><\/div>\n<\/div>\n<\/div><\/div>\n\n\n\n<div class=\"wp-block-uagb-container uagb-block-ha16v9p0 alignfull uagb-is-root-container\"><div class=\"uagb-container-inner-blocks-wrap\">\n<div class=\"wp-block-uagb-info-box uagb-block-atrnnqvf uagb-infobox__content-wrap  uagb-infobox-icon-above-title uagb-infobox-image-valign-top\"><div class=\"uagb-ifb-content\"><div class=\"uagb-ifb-title-wrap\"><h2 class=\"uagb-ifb-title\">Das ist genau das, was du suchst?<\/h2><\/div><\/div><\/div>\n\n\n\n<div class=\"wp-block-uagb-buttons uagb-buttons__outer-wrap uagb-btn__default-btn uagb-btn-tablet__default-btn uagb-btn-mobile__default-btn uagb-block-48267b66\"><div class=\"uagb-buttons__wrap uagb-buttons-layout-wrap \">\n<div class=\"wp-block-uagb-buttons-child uagb-buttons__outer-wrap uagb-block-3a9f1880 wp-block-button\"><div class=\"uagb-button__wrapper\"><a class=\"uagb-buttons-repeater wp-block-button__link\" aria-label=\"\" href=\"https:\/\/www.checkout-ds24.com\/product\/680485\" rel=\"follow noopener\" target=\"_self\" role=\"button\"><div class=\"uagb-button__link\">Dann melde dich hier an (24,99)<\/div><\/a><\/div><\/div>\n<\/div><\/div>\n<\/div><\/div>\n\n\n\n<p><\/p>\n","protected":false},"excerpt":{"rendered":"","protected":false},"author":1,"featured_media":0,"parent":0,"menu_order":0,"comment_status":"closed","ping_status":"closed","template":"","meta":{"_uag_custom_page_level_css":"","site-sidebar-layout":"default","site-content-layout":"","ast-site-content-layout":"default","site-content-style":"default","site-sidebar-style":"default","ast-global-header-display":"","ast-banner-title-visibility":"","ast-main-header-display":"","ast-hfb-above-header-display":"","ast-hfb-below-header-display":"","ast-hfb-mobile-header-display":"","site-post-title":"disabled","ast-breadcrumbs-content":"","ast-featured-img":"","footer-sml-layout":"","theme-transparent-header-meta":"","adv-header-id-meta":"","stick-header-meta":"","header-above-stick-meta":"","header-main-stick-meta":"","header-below-stick-meta":"","astra-migrate-meta-layouts":"set","ast-page-background-enabled":"default","ast-page-background-meta":{"desktop":{"background-color":"","background-image":"","background-repeat":"repeat","background-position":"center center","background-size":"auto","background-attachment":"scroll","background-type":"","background-media":"","overlay-type":"","overlay-color":"","overlay-opacity":"","overlay-gradient":""},"tablet":{"background-color":"","background-image":"","background-repeat":"repeat","background-position":"center center","background-size":"auto","background-attachment":"scroll","background-type":"","background-media":"","overlay-type":"","overlay-color":"","overlay-opacity":"","overlay-gradient":""},"mobile":{"background-color":"","background-image":"","background-repeat":"repeat","background-position":"center center","background-size":"auto","background-attachment":"scroll","background-type":"","background-media":"","overlay-type":"","overlay-color":"","overlay-opacity":"","overlay-gradient":""}},"ast-content-background-meta":{"desktop":{"background-color":"var(--ast-global-color-5)","background-image":"","background-repeat":"repeat","background-position":"center center","background-size":"auto","background-attachment":"scroll","background-type":"","background-media":"","overlay-type":"","overlay-color":"","overlay-opacity":"","overlay-gradient":""},"tablet":{"background-color":"var(--ast-global-color-5)","background-image":"","background-repeat":"repeat","background-position":"center center","background-size":"auto","background-attachment":"scroll","background-type":"","background-media":"","overlay-type":"","overlay-color":"","overlay-opacity":"","overlay-gradient":""},"mobile":{"background-color":"var(--ast-global-color-5)","background-image":"","background-repeat":"repeat","background-position":"center center","background-size":"auto","background-attachment":"scroll","background-type":"","background-media":"","overlay-type":"","overlay-color":"","overlay-opacity":"","overlay-gradient":""}},"footnotes":""},"class_list":["post-2147","page","type-page","status-publish","hentry"],"uagb_featured_image_src":{"full":false,"thumbnail":false,"medium":false,"medium_large":false,"large":false,"1536x1536":false,"2048x2048":false},"uagb_author_info":{"display_name":"boki","author_link":"https:\/\/horseducation.com\/de\/author\/boki\/"},"uagb_comment_info":0,"uagb_excerpt":null,"_links":{"self":[{"href":"https:\/\/horseducation.com\/de\/wp-json\/wp\/v2\/pages\/2147","targetHints":{"allow":["GET"]}}],"collection":[{"href":"https:\/\/horseducation.com\/de\/wp-json\/wp\/v2\/pages"}],"about":[{"href":"https:\/\/horseducation.com\/de\/wp-json\/wp\/v2\/types\/page"}],"author":[{"embeddable":true,"href":"https:\/\/horseducation.com\/de\/wp-json\/wp\/v2\/users\/1"}],"replies":[{"embeddable":true,"href":"https:\/\/horseducation.com\/de\/wp-json\/wp\/v2\/comments?post=2147"}],"version-history":[{"count":37,"href":"https:\/\/horseducation.com\/de\/wp-json\/wp\/v2\/pages\/2147\/revisions"}],"predecessor-version":[{"id":2249,"href":"https:\/\/horseducation.com\/de\/wp-json\/wp\/v2\/pages\/2147\/revisions\/2249"}],"wp:attachment":[{"href":"https:\/\/horseducation.com\/de\/wp-json\/wp\/v2\/media?parent=2147"}],"curies":[{"name":"wp","href":"https:\/\/api.w.org\/{rel}","templated":true}]}}