{"id":2058,"date":"2026-02-01T16:13:44","date_gmt":"2026-02-01T15:13:44","guid":{"rendered":"https:\/\/horseducation.com\/de\/?page_id=2058"},"modified":"2026-02-01T16:13:46","modified_gmt":"2026-02-01T15:13:46","slug":"datenschutzerklaerung-2","status":"publish","type":"page","link":"https:\/\/horseducation.com\/de\/datenschutzerklaerung-2\/","title":{"rendered":"Datenschutzerkl\u00e4rung"},"content":{"rendered":"\n<p class=\"has-medium-font-size\"><strong>1. Allgemeines<\/strong><\/p>\n\n\n\n<p>Der Schutz Ihrer pers\u00f6nlichen Daten ist uns ein besonderes Anliegen. Wir behandeln Ihre personenbezogenen Daten vertraulich und entsprechend der gesetzlichen Datenschutzvorschriften sowie dieser Datenschutzerkl\u00e4rung. Diese Datenschutzerkl\u00e4rung informiert Sie dar\u00fcber, welche Daten wir erheben, wie wir sie verwenden und welche Rechte Sie haben.<\/p>\n\n\n\n<h2 class=\"wp-block-heading has-medium-font-size\" style=\"font-style:normal;font-weight:500;text-transform:capitalize\"><strong>2. Verantwortliche Stelle<\/strong><\/h2>\n\n\n\n<p>Verantwortlich f\u00fcr die Datenverarbeitung auf dieser Website ist:<\/p>\n\n\n\n<p>Bonnie P\u00fclm<br>horseducation.com<\/p>\n\n\n\n<h2 class=\"wp-block-heading has-medium-font-size\" style=\"font-style:normal;font-weight:500;text-transform:capitalize\"><strong>3. Kommentare<\/strong><\/h2>\n\n\n\n<p>Wenn Kommentare auf der Website hinterlassen werden, werden die im Kommentarformular eingegebenen Daten sowie die IP-Adresse und der User-Agent-String verarbeitet. Dies dient der Erkennung und Abwehr von Spam.<\/p>\n\n\n\n<p>Aus der E-Mail-Adresse kann eine anonymisierte Zeichenfolge (Hash) erstellt und an den Dienst Gravatar \u00fcbermittelt werden, um zu pr\u00fcfen, ob dieser genutzt wird. Die Datenschutzerkl\u00e4rung von Gravatar ist unter&nbsp;<a href=\"https:\/\/automattic.com\/privacy\/\">https:\/\/automattic.com\/privacy\/<\/a>&nbsp;abrufbar. Nach Freigabe eines Kommentars ist das Profilbild \u00f6ffentlich sichtbar.<\/p>\n\n\n\n<h2 class=\"wp-block-heading has-medium-font-size\" style=\"text-transform:capitalize\">4. Medien<\/h2>\n\n\n\n<p>Bei registrierten Benutzerkonten, die Medien auf diese Website hochladen, sollten keine Fotos mit eingebetteten Standortdaten (EXIF-GPS) hochgeladen werden, da diese von anderen ausgelesen werden k\u00f6nnten.<\/p>\n\n\n\n<h2 class=\"wp-block-heading has-medium-font-size\" style=\"text-transform:capitalize\">5. Cookies<\/h2>\n\n\n\n<p>Diese Website verwendet Cookies. Cookies sind kleine Textdateien, die auf Endger\u00e4ten gespeichert werden.<\/p>\n\n\n\n<p>Beim Verfassen eines Kommentars k\u00f6nnen Cookies gesetzt werden, um Name, E-Mail-Adresse und Website zu speichern. Diese Cookies dienen der Benutzerfreundlichkeit und werden ein Jahr lang gespeichert.<\/p>\n\n\n\n<p>Bei der Anmeldung auf der Website werden Cookies gesetzt, um Anmeldeinformationen und Anzeigeoptionen zu speichern. Diese Cookies verfallen nach zwei Tagen (Anmeldung) bzw. nach einem Jahr (Anzeigeoptionen). Bei Auswahl der Option \u201eAngemeldet bleiben\u201c wird die Anmeldung zwei Wochen lang gespeichert. Beim Abmelden werden diese Cookies gel\u00f6scht.<\/p>\n\n\n\n<p>Beim Bearbeiten oder Ver\u00f6ffentlichen eines Beitrags wird ein zus\u00e4tzlicher Cookie gesetzt, der keine personenbezogenen Daten enth\u00e4lt und nach einem Tag verf\u00e4llt.<\/p>\n\n\n\n<h2 class=\"wp-block-heading has-medium-font-size\" style=\"text-transform:capitalize\">6. Eingebettete Inhalte von anderen Websites<\/h2>\n\n\n\n<p>Beitr\u00e4ge auf dieser Website k\u00f6nnen eingebettete Inhalte enthalten (z. B. Videos, Bilder oder Karten). Diese Inhalte verhalten sich so, als ob die entsprechende externe Website direkt aufgerufen w\u00fcrde.<\/p>\n\n\n\n<p>Diese externen Websites k\u00f6nnen Daten erfassen, Cookies setzen und die Interaktion mit dem eingebetteten Inhalt aufzeichnen, insbesondere bei bestehenden Benutzerkonten.<\/p>\n\n\n\n<h2 class=\"wp-block-heading has-medium-font-size\" style=\"text-transform:capitalize\">7. Kontaktformular<\/h2>\n\n\n\n<p>Bei Nutzung des Kontaktformulars werden die dort eingegebenen Daten, einschlie\u00dflich der angegebenen Kontaktdaten, zur Bearbeitung der Anfrage und f\u00fcr m\u00f6gliche Anschlussfragen gespeichert.<\/p>\n\n\n\n<h2 class=\"wp-block-heading has-medium-font-size\" style=\"text-transform:capitalize\">8. Google Maps<\/h2>\n\n\n\n<p>Diese Website verwendet Google Maps zur Darstellung von Karten und zur Erstellung von Anfahrtsbeschreibungen. Anbieter ist die Google Ireland Limited, Gordon House, Barrow Street, Dublin 4, Irland.<\/p>\n\n\n\n<p>Zur Nutzung der Funktionen von Google Maps wird die IP-Adresse verarbeitet. Diese Daten k\u00f6nnen an Server von Google in den USA \u00fcbertragen und dort gespeichert werden.<\/p>\n\n\n\n<p>Weitere Informationen sind in der Datenschutzerkl\u00e4rung von Google abrufbar:<br><a href=\"https:\/\/policies.google.com\/privacy\">https:\/\/policies.google.com\/privacy<\/a><\/p>\n\n\n\n<h2 class=\"wp-block-heading has-medium-font-size\" style=\"text-transform:capitalize\">9. Newsletter<\/h2>\n\n\n\n<p>Bei der Anmeldung zum Newsletter oder zu Webinaren werden die angegebenen Daten (z. B. E-Mail-Adresse und ggf. Name) an den Dienst MailerLite \u00fcbermittelt.<\/p>\n\n\n\n<p>Anbieter ist die MailerLite Limited, 38 Mount Street Upper, Dublin 2, Irland.<\/p>\n\n\n\n<p>Die Verarbeitung erfolgt zum Zweck des Versands von E-Mails und Informationen zu Angeboten auf Grundlage einer Einwilligung gem\u00e4\u00df Art. 6 Abs. 1 lit. a DSGVO. Ein Widerruf ist jederzeit \u00fcber den Abmelde-Link in jeder E-Mail m\u00f6glich.<\/p>\n\n\n\n<p>Weitere Informationen sind in der Datenschutzerkl\u00e4rung von MailerLite abrufbar:<br><a href=\"https:\/\/www.mailerlite.com\/legal\/privacy-policy\">https:\/\/www.mailerlite.com\/legal\/privacy-policy<\/a><\/p>\n\n\n\n<h2 class=\"wp-block-heading has-medium-font-size\" style=\"text-transform:capitalize\">10. Mit wem wir deine Daten teilen<\/h2>\n\n\n\n<p>Bei einer Anforderung zur Zur\u00fccksetzung des Passworts wird die IP-Adresse in der entsprechenden E-Mail enthalten sein.<\/p>\n\n\n\n<h2 class=\"wp-block-heading has-medium-font-size\" style=\"text-transform:capitalize\">11. Speicherdauer<\/h2>\n\n\n\n<p>Kommentare werden inklusive Metadaten zeitlich unbegrenzt gespeichert, um Folgekommentare automatisch erkennen und freigeben zu k\u00f6nnen.<\/p>\n\n\n\n<p>Bei registrierten Benutzerkonten werden die im Benutzerprofil angegebenen personenbezogenen Daten gespeichert. Diese Daten k\u00f6nnen jederzeit eingesehen, ge\u00e4ndert oder gel\u00f6scht werden (der Benutzername bleibt bestehen).<\/p>\n\n\n\n<h2 class=\"wp-block-heading has-medium-font-size\" style=\"text-transform:capitalize\">12. Rechte betroffener Personen<\/h2>\n\n\n\n<p>Es besteht das Recht auf Auskunft \u00fcber gespeicherte personenbezogene Daten sowie auf Berichtigung, Einschr\u00e4nkung der Verarbeitung oder L\u00f6schung, soweit keine gesetzlichen Aufbewahrungspflichten entgegenstehen. Zudem besteht ein Recht auf Daten\u00fcbertragbarkeit.<\/p>\n\n\n\n<h2 class=\"wp-block-heading has-medium-font-size\" style=\"text-transform:capitalize\">13. Daten\u00fcbermittlung<\/h2>\n\n\n\n<p>Kommentare k\u00f6nnen durch automatisierte Dienste zur Spam-Erkennung \u00fcberpr\u00fcft werden.<\/p>\n","protected":false},"excerpt":{"rendered":"<p>1. Allgemeines Der Schutz Ihrer pers\u00f6nlichen Daten ist uns ein besonderes Anliegen. Wir behandeln Ihre personenbezogenen Daten vertraulich und entsprechend der gesetzlichen Datenschutzvorschriften sowie dieser Datenschutzerkl\u00e4rung. Diese Datenschutzerkl\u00e4rung informiert Sie dar\u00fcber, welche Daten wir erheben, wie wir sie verwenden und welche Rechte Sie haben. 2. Verantwortliche Stelle Verantwortlich f\u00fcr die Datenverarbeitung auf dieser Website ist: [&hellip;]<\/p>\n","protected":false},"author":1,"featured_media":0,"parent":0,"menu_order":0,"comment_status":"closed","ping_status":"closed","template":"","meta":{"_uag_custom_page_level_css":"","site-sidebar-layout":"default","site-content-layout":"","ast-site-content-layout":"default","site-content-style":"default","site-sidebar-style":"default","ast-global-header-display":"","ast-banner-title-visibility":"","ast-main-header-display":"","ast-hfb-above-header-display":"","ast-hfb-below-header-display":"","ast-hfb-mobile-header-display":"","site-post-title":"","ast-breadcrumbs-content":"","ast-featured-img":"","footer-sml-layout":"","theme-transparent-header-meta":"","adv-header-id-meta":"","stick-header-meta":"","header-above-stick-meta":"","header-main-stick-meta":"","header-below-stick-meta":"","astra-migrate-meta-layouts":"set","ast-page-background-enabled":"default","ast-page-background-meta":{"desktop":{"background-color":"","background-image":"","background-repeat":"repeat","background-position":"center center","background-size":"auto","background-attachment":"scroll","background-type":"","background-media":"","overlay-type":"","overlay-color":"","overlay-opacity":"","overlay-gradient":""},"tablet":{"background-color":"","background-image":"","background-repeat":"repeat","background-position":"center center","background-size":"auto","background-attachment":"scroll","background-type":"","background-media":"","overlay-type":"","overlay-color":"","overlay-opacity":"","overlay-gradient":""},"mobile":{"background-color":"","background-image":"","background-repeat":"repeat","background-position":"center center","background-size":"auto","background-attachment":"scroll","background-type":"","background-media":"","overlay-type":"","overlay-color":"","overlay-opacity":"","overlay-gradient":""}},"ast-content-background-meta":{"desktop":{"background-color":"var(--ast-global-color-5)","background-image":"","background-repeat":"repeat","background-position":"center center","background-size":"auto","background-attachment":"scroll","background-type":"","background-media":"","overlay-type":"","overlay-color":"","overlay-opacity":"","overlay-gradient":""},"tablet":{"background-color":"var(--ast-global-color-5)","background-image":"","background-repeat":"repeat","background-position":"center center","background-size":"auto","background-attachment":"scroll","background-type":"","background-media":"","overlay-type":"","overlay-color":"","overlay-opacity":"","overlay-gradient":""},"mobile":{"background-color":"var(--ast-global-color-5)","background-image":"","background-repeat":"repeat","background-position":"center center","background-size":"auto","background-attachment":"scroll","background-type":"","background-media":"","overlay-type":"","overlay-color":"","overlay-opacity":"","overlay-gradient":""}},"footnotes":""},"class_list":["post-2058","page","type-page","status-publish","hentry"],"uagb_featured_image_src":{"full":false,"thumbnail":false,"medium":false,"medium_large":false,"large":false,"1536x1536":false,"2048x2048":false},"uagb_author_info":{"display_name":"boki","author_link":"https:\/\/horseducation.com\/de\/author\/boki\/"},"uagb_comment_info":0,"uagb_excerpt":"1. Allgemeines Der Schutz Ihrer pers\u00f6nlichen Daten ist uns ein besonderes Anliegen. Wir behandeln Ihre personenbezogenen Daten vertraulich und entsprechend der gesetzlichen Datenschutzvorschriften sowie dieser Datenschutzerkl\u00e4rung. Diese Datenschutzerkl\u00e4rung informiert Sie dar\u00fcber, welche Daten wir erheben, wie wir sie verwenden und welche Rechte Sie haben. 2. Verantwortliche Stelle Verantwortlich f\u00fcr die Datenverarbeitung auf dieser Website ist:&hellip;","_links":{"self":[{"href":"https:\/\/horseducation.com\/de\/wp-json\/wp\/v2\/pages\/2058","targetHints":{"allow":["GET"]}}],"collection":[{"href":"https:\/\/horseducation.com\/de\/wp-json\/wp\/v2\/pages"}],"about":[{"href":"https:\/\/horseducation.com\/de\/wp-json\/wp\/v2\/types\/page"}],"author":[{"embeddable":true,"href":"https:\/\/horseducation.com\/de\/wp-json\/wp\/v2\/users\/1"}],"replies":[{"embeddable":true,"href":"https:\/\/horseducation.com\/de\/wp-json\/wp\/v2\/comments?post=2058"}],"version-history":[{"count":2,"href":"https:\/\/horseducation.com\/de\/wp-json\/wp\/v2\/pages\/2058\/revisions"}],"predecessor-version":[{"id":2060,"href":"https:\/\/horseducation.com\/de\/wp-json\/wp\/v2\/pages\/2058\/revisions\/2060"}],"wp:attachment":[{"href":"https:\/\/horseducation.com\/de\/wp-json\/wp\/v2\/media?parent=2058"}],"curies":[{"name":"wp","href":"https:\/\/api.w.org\/{rel}","templated":true}]}}